{"id":113,"date":"2023-12-05T08:58:54","date_gmt":"2023-12-05T08:58:54","guid":{"rendered":"https:\/\/artdesuisse.art\/?page_id=113"},"modified":"2026-04-19T13:01:14","modified_gmt":"2026-04-19T12:01:14","slug":"ausstellungen-zug","status":"publish","type":"page","link":"https:\/\/artdesuisse.art\/en\/ausstellungen-zug\/","title":{"rendered":"Zug"},"content":{"rendered":"<div class=\"brz-root__container brz-reset-all brz brz-root__container-page\">\n<section id=\"7ae714d6ba8a8f758aef_nrliltiohfrgwrzozbpmmqnteqhxgteykive\" class=\"brz-section brz-css-1b932nk brz-css-1ujl4v2\">\n<div class=\"brz-section__content brz-section--boxed brz-css-1ob61s4 brz-css-jmrgb\" data-brz-custom-id=\"lujefvieiwglboaaekoeivnognpqfnpnaewg\">\n<div class=\"brz-container brz-css-5z14tl brz-css-1h502qy\">\n<div id=\"\" class=\"brz-css-18jttym brz-css-1r3pnl6 brz-wrapper\">\n<div class=\"brz-rich-text brz-rich-text__custom brz-css-xrpogz brz-css-lgdcez\" data-brz-custom-id=\"petmfuwooojhkioxupyezkdloaruoufjwaco\">\n<div data-brz-translate-text=\"1\">\n<h1 class=\"brz-tp-lg-heading1 brz-lh-lg-1_3 brz-ls-lg-m_1_5 brz-fw-lg-500 brz-fss-lg-px brz-fs-lg-46 brz-ft-google brz-ff-red_hat_text brz-css-iesZK\" data-generated-css=\"brz-css-bliug\" data-uniq-id=\"khncx\"><span class=\"brz-cp-color2\" style=\"opacity: 1\">Exhibitions Zug<\/span><\/h1>\n<\/div>\n<\/div>\n<\/div>\n<\/div>\n<\/div>\n<\/section>\n<section id=\"314efe285107ac4d05b5_wamloesudqgrzebdkxkrgqevlqmbrjugzzpg\" class=\"brz-section brz-css-1b932nk brz-css-1y5j7uf\">\n<div class=\"brz-section__content brz-section--boxed brz-css-1ob61s4 brz-css-1ynb23n\" data-brz-custom-id=\"jlfdbmuhwttjaovfrqbdessqqhltggthfpaq\">\n<div class=\"brz-container brz-css-5z14tl brz-css-ff8dx6\">\n<div id=\"\" class=\"brz-css-18jttym brz-css-mj05g6 brz-wrapper\">\n<div class=\"brz-rich-text brz-rich-text__custom brz-css-xrpogz brz-css-1izk027\" data-brz-custom-id=\"rHXNzlLXyumU\">\n<div data-brz-translate-text=\"1\">\n<p class=\"brz-tp-lg-paragraph brz-css-fIyzd\" data-uniq-id=\"dzDsO\" data-generated-css=\"brz-css-mcaoC\"><strong class=\"brz-cp-color7\">Unfortunately, we have to inform you that there will be no further editions of ARTdeSUISSE in the Altstadthalle after the spring edition 2025. The amended utilisation regulations of the Altstadthalle Zug currently do not permit any further exhibitions of the ARTdeSUISSE type.<\/strong><\/p>\n<p class=\"brz-tp-lg-paragraph brz-css-u4T5W\" data-uniq-id=\"e17BY\" data-generated-css=\"brz-css-eEW9f\"><\/p>\n<p class=\"brz-tp-lg-paragraph brz-css-xYNlW\" data-uniq-id=\"yxzzm\" data-generated-css=\"brz-css-fidxc\"><strong class=\"brz-cp-color7\">The city of Zug ultimately decided that no more commercial exhibitions could be held in the Altstadthalle in future.<\/strong><\/p>\n<p class=\"brz-tp-lg-paragraph brz-css-xmoCa\" data-uniq-id=\"gu_wD\" data-generated-css=\"brz-css-oKuRZ\"><strong class=\"brz-cp-color7\">Despite our best efforts, our reservations were rejected without comment.<\/strong><\/p>\n<p class=\"brz-tp-lg-paragraph brz-css-gDRiE\" data-uniq-id=\"fdTDF\" data-generated-css=\"brz-css-wIJGp\"><\/p>\n<\/div>\n<\/div>\n<\/div>\n<div id=\"\" class=\"brz-css-18jttym brz-css-14yvk6p brz-css-yhyo1a brz-wrapper\">\n<div class=\"brz-posts brz-css-1j3kxij brz-css-oxovgh\" data-brz-custom-id=\"zO694u5NhVh5\">\n<div class=\"brz-posts__wrapper\"><\/div>\n<\/div>\n<\/div>\n<div id=\"\" class=\"brz-css-18jttym brz-css-j6zcd5 brz-wrapper\">\n<div class=\"brz-rich-text brz-rich-text__custom brz-css-xrpogz brz-css-16kqnd3\" data-brz-custom-id=\"uoihyhqupnehooounnkoepzhgbdysazllntp\">\n<div data-brz-translate-text=\"1\">\n<h2 class=\"brz-mt-lg-0 brz-tp-lg-heading2 brz-ls-lg-m_1_5 brz-lh-lg-1_3 brz-ff-red_hat_text brz-ft-google brz-fs-lg-46 brz-fss-lg-px brz-fw-lg-500 brz-css-gepUT\" data-uniq-id=\"bR0NQ\" data-generated-css=\"brz-css-hR8y8\"><strong class=\"brz-cp-color2\" style=\"opacity: 1\">Past exhibitions<\/strong><\/h2>\n<\/div>\n<\/div>\n<\/div>\n<div id=\"\" class=\"brz-css-18jttym brz-css-14yvk6p brz-css-tm43o0 brz-wrapper\">\n<div class=\"brz-posts brz-css-1j3kxij brz-css-khfrzp\" data-brz-custom-id=\"i9SEvM8kLVR1\">\n<div class=\"brz-posts__wrapper\">\n<div class=\"brz-posts__item\">\n<div class=\"brz-columns brz-css-1rimamx brz-css-17xrdz3 brz-css-1x2k2fo\" data-brz-custom-id=\"aqEXX0NWY9f7\">\n<div class=\"brz-column__items brz-css-u0vjb3 brz-css-7krmct\">\n<div id=\"\" class=\"brz-css-18jttym brz-css-i3uwli brz-wrapper\">\n<div class=\"brz-image brz-css-1gzv9ku brz-css-1uljn48\" data-brz-custom-id=\"wyYp1Kjx6OrX\"><a class=\"brz-a\" href=\"https:\/\/artdesuisse.art\/en\/artdesuisse-zug-2023\/\" target=\"_blank\" rel=\"noopener\" data-brz-link-type=\"external\"><img decoding=\"async\" class=\"brz-img\" src=\"https:\/\/artdesuisse.art\/wp-content\/uploads\/2023\/12\/Banner3_AdS_ZUG_F2023.jpg\" alt=\"\" title=\"Banner3_AdS_ZUG_F2023\" loading=\"lazy\"><\/a><\/div>\n<\/div>\n<div id=\"\" class=\"brz-css-18jttym brz-css-irnb66 brz-wrapper\">\n<div class=\"brz-wp-title brz-css-5rgxo3 brz-css-17vzbkw brz-css-s6nsvq\" data-brz-custom-id=\"ed7S6vsVIoqe\"><a class=\"brz-a\" href=\"https:\/\/artdesuisse.art\/en\/artdesuisse-zug-2023\/\" target=\"_blank\" rel=\"noopener\" data-brz-link-type=\"external\"><\/p>\n<h4 class=\"brz-wp-title-content\" style=\"min-height:20px\">ARTdeSUISSE TRAIN 2023 AUTUMN EDITION<\/h4>\n<p><\/a><\/div>\n<\/div>\n<div id=\"\" class=\"brz-css-18jttym brz-css-1f8mbml brz-wrapper\">\n<div class=\"brz-rich-text brz-rich-text__population brz-css-xrpogz brz-css-16u8r2c brz-css-1hrea3z brz-css-wa57ti\" data-brz-custom-id=\"o4k5H6abWtdR\"><span>09. 11. &#8211; 12. 11. 2023<br \/>\n<\/span><\/div>\n<\/div>\n<div class=\"brz-wrapper-clone brz-flex-xs-wrap brz-css-ghaw4o brz-css-dt6a44\" data-brz-custom-id=\"npKiNQo_MlJv\"><a class=\"brz-a brz-btn brz-css-1ggrsar brz-css-1g0yi7u brz-css-es3252 brz-css-1jaonh8 brz-css-1l1pf3z\" href=\"https:\/\/artdesuisse.art\/en\/artdesuisse-zug-2023\/\" target=\"_blank\" rel=\"noopener\" data-brz-link-type=\"external\" data-brz-custom-id=\"qRCo9ma3v_cZ\"><span data-brz-translate-text=\"1\" class=\"brz-span brz-text__editor\">more<\/span><\/a><\/div>\n<\/div>\n<\/div>\n<\/div>\n<div class=\"brz-posts__item\">\n<div class=\"brz-columns brz-css-1rimamx brz-css-17xrdz3 brz-css-1x2k2fo\" data-brz-custom-id=\"aqEXX0NWY9f7\">\n<div class=\"brz-column__items brz-css-u0vjb3 brz-css-7krmct\">\n<div id=\"\" class=\"brz-css-18jttym brz-css-i3uwli brz-wrapper\">\n<div class=\"brz-image brz-css-1gzv9ku brz-css-1uljn48\" data-brz-custom-id=\"wyYp1Kjx6OrX\"><a class=\"brz-a\" href=\"https:\/\/artdesuisse.art\/en\/zug2024-fruhlingsausgabe\/\" target=\"_blank\" rel=\"noopener\" data-brz-link-type=\"external\"><img decoding=\"async\" class=\"brz-img\" src=\"https:\/\/artdesuisse.art\/wp-content\/uploads\/2023\/12\/Banner3_AdS_ZUG_F2024-5.jpg\" alt=\"\" title=\"Banner3_AdS_ZUG_F2024\" loading=\"lazy\"><\/a><\/div>\n<\/div>\n<div id=\"\" class=\"brz-css-18jttym brz-css-irnb66 brz-wrapper\">\n<div class=\"brz-wp-title brz-css-5rgxo3 brz-css-17vzbkw brz-css-s6nsvq\" data-brz-custom-id=\"ed7S6vsVIoqe\"><a class=\"brz-a\" href=\"https:\/\/artdesuisse.art\/en\/zug2024-fruhlingsausgabe\/\" target=\"_blank\" rel=\"noopener\" data-brz-link-type=\"external\"><\/p>\n<h4 class=\"brz-wp-title-content\" style=\"min-height:20px\">ARTdeSUISSE TRAIN 2024 | SPRING EDITION<\/h4>\n<p><\/a><\/div>\n<\/div>\n<div id=\"\" class=\"brz-css-18jttym brz-css-1f8mbml brz-wrapper\">\n<div class=\"brz-rich-text brz-rich-text__population brz-css-xrpogz brz-css-16u8r2c brz-css-1hrea3z brz-css-wa57ti\" data-brz-custom-id=\"o4k5H6abWtdR\"><span>02.05. &#8211; 05.05.2024<\/span><\/div>\n<\/div>\n<div class=\"brz-wrapper-clone brz-flex-xs-wrap brz-css-ghaw4o brz-css-dt6a44\" data-brz-custom-id=\"npKiNQo_MlJv\"><a class=\"brz-a brz-btn brz-css-1ggrsar brz-css-1g0yi7u brz-css-es3252 brz-css-1jaonh8 brz-css-1l1pf3z\" href=\"https:\/\/artdesuisse.art\/en\/zug2024-fruhlingsausgabe\/\" target=\"_blank\" rel=\"noopener\" data-brz-link-type=\"external\" data-brz-custom-id=\"qRCo9ma3v_cZ\"><span data-brz-translate-text=\"1\" class=\"brz-span brz-text__editor\">more<\/span><\/a><\/div>\n<\/div>\n<\/div>\n<\/div>\n<div class=\"brz-posts__item\">\n<div class=\"brz-columns brz-css-1rimamx brz-css-17xrdz3 brz-css-1x2k2fo\" data-brz-custom-id=\"aqEXX0NWY9f7\">\n<div class=\"brz-column__items brz-css-u0vjb3 brz-css-7krmct\">\n<div id=\"\" class=\"brz-css-18jttym brz-css-i3uwli brz-wrapper\">\n<div class=\"brz-image brz-css-1gzv9ku brz-css-1uljn48\" data-brz-custom-id=\"wyYp1Kjx6OrX\"><a class=\"brz-a\" href=\"https:\/\/artdesuisse.art\/en\/zug2024-herbstausgabe\/\" target=\"_blank\" rel=\"noopener\" data-brz-link-type=\"external\"><img decoding=\"async\" class=\"brz-img\" src=\"https:\/\/artdesuisse.art\/wp-content\/uploads\/2023\/12\/Banner3_AdS_ZUG_H2024.jpg\" alt=\"\" title=\"Banner3_AdS_ZUG_H2024\" loading=\"lazy\"><\/a><\/div>\n<\/div>\n<div id=\"\" class=\"brz-css-18jttym brz-css-irnb66 brz-wrapper\">\n<div class=\"brz-wp-title brz-css-5rgxo3 brz-css-17vzbkw brz-css-s6nsvq\" data-brz-custom-id=\"ed7S6vsVIoqe\"><a class=\"brz-a\" href=\"https:\/\/artdesuisse.art\/en\/zug2024-herbstausgabe\/\" target=\"_blank\" rel=\"noopener\" data-brz-link-type=\"external\"><\/p>\n<h4 class=\"brz-wp-title-content\" style=\"min-height:20px\">ARTdeSUISSE ZUG 2024 | AUTUMN EDITION<\/h4>\n<p><\/a><\/div>\n<\/div>\n<div id=\"\" class=\"brz-css-18jttym brz-css-1f8mbml brz-wrapper\">\n<div class=\"brz-rich-text brz-rich-text__population brz-css-xrpogz brz-css-16u8r2c brz-css-1hrea3z brz-css-wa57ti\" data-brz-custom-id=\"o4k5H6abWtdR\"><span>28. 11. &#8211; 01. 12. 2024<\/span><\/div>\n<\/div>\n<div class=\"brz-wrapper-clone brz-flex-xs-wrap brz-css-ghaw4o brz-css-dt6a44\" data-brz-custom-id=\"npKiNQo_MlJv\"><a class=\"brz-a brz-btn brz-css-1ggrsar brz-css-1g0yi7u brz-css-es3252 brz-css-1jaonh8 brz-css-1l1pf3z\" href=\"https:\/\/artdesuisse.art\/en\/zug2024-herbstausgabe\/\" target=\"_blank\" rel=\"noopener\" data-brz-link-type=\"external\" data-brz-custom-id=\"qRCo9ma3v_cZ\"><span data-brz-translate-text=\"1\" class=\"brz-span brz-text__editor\">more<\/span><\/a><\/div>\n<\/div>\n<\/div>\n<\/div>\n<\/div>\n<\/div>\n<\/div>\n<\/div>\n<\/div>\n<\/section>\n<section id=\"5116e04bc4d29cae49b1_zwCbta63TAl8\" class=\"brz-section brz-css-1b932nk brz-css-r6fpix\">\n<div class=\"brz-section__content brz-section--boxed brz-css-1ob61s4 brz-css-1ji9k1z\" data-brz-custom-id=\"toN_tPunVQNl\">\n<div class=\"brz-container brz-css-5z14tl brz-css-14rkn5p\">\n<div class=\"brz-row__container brz-css-1e3h8x6 brz-css-15rvw3e\" data-brz-custom-id=\"c7Zv6uVMsIL3\">\n<div class=\"brz-row brz-css-xcw427 brz-css-eoamz6 brz-css-kwylpc\">\n<div class=\"brz-columns brz-css-1rimamx brz-css-1qwthoy\" data-brz-custom-id=\"zWEqBQQVTi1E\">\n<div class=\"brz-column__items brz-css-u0vjb3 brz-css-solpwu\">\n<div id=\"\" class=\"brz-css-18jttym brz-css-1omsixx brz-wrapper\">\n<div class=\"brz-image brz-css-1xb5qjl brz-css-pv2959\" data-brz-custom-id=\"hpk4J2iYpRNw\"><a class=\"brz-a\" href=\"https:\/\/artdesuisse.art\/en\/zug2025-fruhlingausgabe\/\" target=\"_blank\" rel=\"noopener\" data-brz-link-type=\"external\"><img decoding=\"async\" class=\"brz-img\" src=\"https:\/\/artdesuisse.art\/wp-content\/uploads\/2025\/01\/Banner1_AdS_ZUG_F2025.jpg\" alt=\"\" title=\"Banner1_AdS_ZUG_F2025\" loading=\"lazy\"><\/a><\/div>\n<\/div>\n<div id=\"\" class=\"brz-css-18jttym brz-css-1ealsv4 brz-wrapper\">\n<div class=\"brz-rich-text brz-rich-text__custom brz-css-xrpogz brz-css-184qkc9\" data-brz-custom-id=\"ikUZGSdIeYFm\">\n<div data-brz-translate-text=\"1\">\n<p class=\"brz-text-lg-center brz-bcp-color7 brz-tp-lg-empty brz-ff-red_hat_text brz-ft-google brz-fs-lg-22 brz-fss-lg-px brz-fw-lg-400 brz-ls-lg-m_0_5 brz-lh-lg-1_5 brz-vfw-lg-400 brz-fwdth-lg-100 brz-fsft-lg-0 brz-css-kpuEl\" data-generated-css=\"brz-css-phmMy\" data-uniq-id=\"ysY3p\"><sup class=\"brz-cp-color2 brz-tp-script-super brz-bold-true\"><strong>ART DE SUISSE ZUG 2025<\/strong><\/sup><\/p>\n<p class=\"brz-text-lg-center brz-bcp-color7 brz-tp-lg-empty brz-ff-red_hat_text brz-ft-google brz-fs-lg-22 brz-fss-lg-px brz-fw-lg-400 brz-ls-lg-m_0_5 brz-lh-lg-1_5 brz-vfw-lg-400 brz-fwdth-lg-100 brz-fsft-lg-0 brz-css-lQzr2\" data-generated-css=\"brz-css-tlNpE\" data-uniq-id=\"las6x\"><sup class=\"brz-tp-script-super brz-cp-color2 brz-bold-true\"><strong>SPRING EDITION<\/strong><\/sup><\/p>\n<p class=\"brz-tp-lg-paragraph brz-fsft-lg-0 brz-fwdth-lg-100 brz-vfw-lg-400 brz-lh-lg-1_5 brz-ls-lg-m_0_5 brz-fw-lg-400 brz-fss-lg-px brz-fs-lg-22 brz-ft-google brz-ff-red_hat_text brz-text-lg-center brz-bcp-color2 brz-css-eSaT_\" data-generated-css=\"brz-css-gwz6x\" data-uniq-id=\"nKVWj\">27 &#8211; 30. 03.2025<\/p>\n<\/div>\n<\/div>\n<\/div>\n<div id=\"\" class=\"brz-css-18jttym brz-css-10m2eun brz-wrapper\">\n<div class=\"brz-rich-text brz-rich-text__custom brz-css-xrpogz brz-css-yt8m38\" data-brz-custom-id=\"gy_8hMBFnE_3\">\n<div data-brz-translate-text=\"1\">\n<p class=\"brz-tp-lg-button brz-text-lg-center brz-css-h54Gj\" data-uniq-id=\"pWYca\" data-generated-css=\"brz-css-aH1li\"><a class=\"brz-cp-color2 link--external\" href=\"https:\/\/artdesuisse.art\/en\/zug2025-fruhlingausgabe\/\" data-brz-link-type=\"external\" target=\"_blank\">weiter &#8212; <\/a><\/p>\n<\/div>\n<\/div>\n<\/div>\n<\/div>\n<\/div>\n<div class=\"brz-columns brz-css-1rimamx brz-css-1gjovvx\" data-brz-custom-id=\"iqnS2dK0LB9_\">\n<div class=\"brz-column__items brz-css-u0vjb3 brz-css-axj79b\"><\/div>\n<\/div>\n<div class=\"brz-columns brz-css-1rimamx brz-css-1350mux\" data-brz-custom-id=\"xhgsnlcq9LHH\">\n<div class=\"brz-column__items brz-css-u0vjb3 brz-css-98ix6s\"><\/div>\n<\/div>\n<\/div>\n<\/div>\n<\/div>\n<\/div>\n<\/section>\n<section id=\"026b1b78ea3144161d54_xpMFawSBFS7Y\" class=\"brz-section brz-css-1b932nk brz-css-xj1uy\">\n<div class=\"brz-section__content brz-section--boxed brz-css-1ob61s4 brz-css-lg3xmu\" data-brz-custom-id=\"tBAg__mhtpSy\">\n<div class=\"brz-container brz-css-5z14tl brz-css-1cc0187\"><\/div>\n<\/div>\n<\/section>\n<\/div>\n<p>    <!-- version:1747211644 --><\/p>","protected":false},"excerpt":{"rendered":"<p>Ausstellungen Zug Leider m\u00fcssen wir Euch mitteilen, dass nach dem Fr\u00fchlingsausgabe 2025 keine weiteren Ausgaben mehr der ARTdeSUISSE in der Altstadthalle geben wird. Das ge\u00e4nderte Benutzungsreglement der Altstadthalle Zug l\u00e4sst aktuell keine weitere Ausstellungen in der Art von ARTdeSUISSE mehr zu. Die Stadt Zug hat letztendlich entschieden, dass es in Zukunft in der Altstadthalle keine [&hellip;]<\/p>\n","protected":false},"author":1,"featured_media":0,"parent":0,"menu_order":0,"comment_status":"closed","ping_status":"closed","template":"brizy-blank-template.php","meta":{"footnotes":""},"class_list":["post-113","page","type-page","status-publish","hentry"],"brizy_media":[{"id":1652,"url":"https:\/\/artdesuisse.art\/wp-content\/uploads\/2023\/12\/SAVE-THE-DATE-Zug-F2025.jpg","name":"SAVE-THE-DATE-Zug-F2025.jpg","meta":{"brizy_attachment_uid":"wp-a5128c566f7fea802d6040bed30c7288.jpg","brizy_post_uid":["7029d210184aa5bf82c1ee7b9297645f"]}},{"id":8711,"url":"https:\/\/artdesuisse.art\/wp-content\/uploads\/2025\/01\/Banner1_AdS_ZUG_F2025.jpg","name":"Banner1_AdS_ZUG_F2025.jpg","meta":{"brizy_attachment_uid":"wp-f1c48e10d8c46b5de7aa563820b142c1.jpg","brizy_post_uid":["0015c3fefcd844ab6990ea7ec358ee8b","b5c8e5c16101657df85198ef5f152569","7029d210184aa5bf82c1ee7b9297645f"]}}],"_links":{"self":[{"href":"https:\/\/artdesuisse.art\/en\/wp-json\/wp\/v2\/pages\/113","targetHints":{"allow":["GET"]}}],"collection":[{"href":"https:\/\/artdesuisse.art\/en\/wp-json\/wp\/v2\/pages"}],"about":[{"href":"https:\/\/artdesuisse.art\/en\/wp-json\/wp\/v2\/types\/page"}],"author":[{"embeddable":true,"href":"https:\/\/artdesuisse.art\/en\/wp-json\/wp\/v2\/users\/1"}],"replies":[{"embeddable":true,"href":"https:\/\/artdesuisse.art\/en\/wp-json\/wp\/v2\/comments?post=113"}],"version-history":[{"count":26,"href":"https:\/\/artdesuisse.art\/en\/wp-json\/wp\/v2\/pages\/113\/revisions"}],"predecessor-version":[{"id":10246,"href":"https:\/\/artdesuisse.art\/en\/wp-json\/wp\/v2\/pages\/113\/revisions\/10246"}],"wp:attachment":[{"href":"https:\/\/artdesuisse.art\/en\/wp-json\/wp\/v2\/media?parent=113"}],"curies":[{"name":"wp","href":"https:\/\/api.w.org\/{rel}","templated":true}]}}