{"id":123,"date":"2023-12-05T08:58:54","date_gmt":"2023-12-05T08:58:54","guid":{"rendered":"https:\/\/artdesuisse.art\/?page_id=123"},"modified":"2026-04-19T12:40:50","modified_gmt":"2026-04-19T11:40:50","slug":"besucher-informationen","status":"publish","type":"page","link":"https:\/\/artdesuisse.art\/en\/besucher-informationen\/","title":{"rendered":"Visitor information"},"content":{"rendered":"<div class=\"brz-root__container brz-reset-all brz brz-root__container-page\">\n<section id=\"5954e526ae6a9ae7af14_s7iu0dxIVOZI\" class=\"brz-section brz-css-1e42zcd brz-css-164sb4t\">\n<div class=\"brz-section__content brz-section--boxed brz-css-xxilb brz-css-n7tuye\" data-brz-custom-id=\"xXgqvefVeF_s\">\n<div class=\"brz-container brz-css-4gyb6o brz-css-wbpq89\">\n<div id=\"\" class=\"brz-css-10fonrh brz-css-1dw57of brz-wrapper\">\n<div class=\"brz-rich-text brz-rich-text__custom brz-css-1q1jvfk brz-css-9xm1ul\" data-brz-custom-id=\"of9Tojs1tjMn\">\n<div data-brz-translate-text=\"1\">\n<h1 class=\"brz-ff-red_hat_text brz-ft-google brz-fs-lg-46 brz-fss-lg-px brz-fw-lg-500 brz-ls-lg-m_1_5 brz-lh-lg-1_3 brz-tp-lg-heading1 brz-css-dn0pB\" data-uniq-id=\"jKWk3\" data-generated-css=\"brz-css-pSFw5\">Visitor information<\/h1>\n<\/div>\n<\/div>\n<\/div>\n<div id=\"\" class=\"brz-css-10fonrh brz-css-1s9fzut brz-wrapper\">\n<div class=\"brz-rich-text brz-rich-text__custom brz-css-1q1jvfk brz-css-aykusp\" data-brz-custom-id=\"uwH0gb_B4_Oi\">\n<div data-brz-translate-text=\"1\">\n<h1 class=\"brz-tp-lg-subtitle brz-lh-lg-1_3 brz-ls-lg-m_1_5 brz-fw-lg-500 brz-fss-lg-px brz-fs-lg-46 brz-ft-google brz-ff-red_hat_text brz-css-kpweO\" data-generated-css=\"brz-css-nb3jf\" data-uniq-id=\"cefR7\"><span class=\"brz-cp-color2\" style=\"opacity: 1\">Events and locations<\/span><\/h1>\n<\/div>\n<\/div>\n<\/div>\n<\/div>\n<\/div>\n<\/section>\n<section id=\"f1db3de9d422a178264a_lI9PrsYPmZJf\" class=\"brz-section brz-css-1e42zcd brz-css-1jedi84\">\n<div class=\"brz-section__content brz-section--boxed brz-css-xxilb brz-css-embxlw\" data-brz-custom-id=\"e9CegRqQnq5R\">\n<div class=\"brz-container brz-css-4gyb6o brz-css-1v82b9y\">\n<div class=\"brz-row__container brz-css-w5tqeg brz-css-ow1uwq\" data-brz-custom-id=\"x7HjIL8YsSbR\">\n<div class=\"brz-row brz-css-7lrm6f brz-css-23ue21 brz-css-1v6g1bb\">\n<div class=\"brz-columns brz-css-ac9sk9 brz-css-ejdtar\" data-brz-custom-id=\"r_xHBYlmR8Mt\">\n<div class=\"brz-column__items brz-css-euxlt brz-css-1wppkc5\">\n<div id=\"\" class=\"brz-css-10fonrh brz-css-7mipsb brz-wrapper\">\n<div class=\"brz-image brz-css-1qajmum brz-css-itopda\" data-brz-custom-id=\"rHykBDOthwNW\"><a class=\"brz-a\" href=\"https:\/\/artdesuisse.art\/en\/kornschuette-luzern\/\" target=\"_blank\" rel=\"noopener\" data-brz-link-type=\"external\"><img decoding=\"async\" class=\"brz-img\" src=\"https:\/\/artdesuisse.art\/wp-content\/uploads\/brizy\/imgs\/favorit-1-scaled-416x312x0x0x375x312x1724055028.jpg\" alt=\"\" title=\"favorit 1\" loading=\"lazy\"><\/a><\/div>\n<\/div>\n<div id=\"\" class=\"brz-css-10fonrh brz-css-1s70dxd brz-wrapper\">\n<div class=\"brz-rich-text brz-rich-text__custom brz-css-1q1jvfk brz-css-mx0yrs\" data-brz-custom-id=\"kQM3nYuIFSMu\">\n<div data-brz-translate-text=\"1\">\n<h3 class=\"brz-tp-lg-heading3 brz-lh-lg-1_5 brz-ls-lg-m_0_5 brz-fw-lg-400 brz-fss-lg-px brz-fs-lg-22 brz-ft-google brz-ff-red_hat_text brz-css-cWDda\" data-generated-css=\"brz-css-aS_Yb\" data-uniq-id=\"uQhvW\"><a class=\"brz-cp-color2 link--external\" style=\"opacity: 1\" href=\"https:\/\/artdesuisse.art\/en\/kornschuette-luzern\/\" data-brz-link-type=\"external\" target=\"_blank\">Kornsch\u00fctte LUZERN<\/a><\/h3>\n<\/div>\n<\/div>\n<\/div>\n<div class=\"brz-wrapper-clone brz-flex-xs-wrap brz-css-xr2pm8 brz-css-1hf99e5\" data-brz-custom-id=\"hGdVKZrbvTdd\"><a class=\"brz-a brz-btn brz-css-w8wb81 brz-css-2oxk7s brz-css-r2q6ki brz-css-ver21r\" href=\"https:\/\/artdesuisse.art\/en\/kornschuette-luzern\/\" target=\"_blank\" rel=\"noopener\" data-brz-link-type=\"external\" data-brz-custom-id=\"r4uKxKuJF9pI\"><span data-brz-translate-text=\"1\" class=\"brz-span brz-text__editor\">more<\/span><\/a><\/div>\n<\/div>\n<\/div>\n<div class=\"brz-columns brz-css-ac9sk9 brz-css-9dg4fg\" data-brz-custom-id=\"xZJrMScdFjTj\">\n<div class=\"brz-column__items brz-css-euxlt brz-css-157n342\">\n<div id=\"\" class=\"brz-css-10fonrh brz-css-rxg1sl brz-wrapper\">\n<div class=\"brz-image brz-css-1l8goc0 brz-css-bc02ej\" data-brz-custom-id=\"u0xV7TCdyOWY\"><a class=\"brz-a\" href=\"https:\/\/artdesuisse.art\/en\/besucherinfos-trittligasse-zurich\/\" target=\"_blank\" rel=\"noopener\" data-brz-link-type=\"external\"><img decoding=\"async\" class=\"brz-img\" src=\"https:\/\/artdesuisse.art\/wp-content\/uploads\/brizy\/imgs\/IMG_8192-scaled-416x312x42x0x375x312x1724054715.jpg\" alt=\"\" title=\"IMG_8192\" loading=\"lazy\"><\/a><\/div>\n<\/div>\n<div id=\"\" class=\"brz-css-10fonrh brz-css-1w0ditq brz-wrapper\">\n<div class=\"brz-rich-text brz-rich-text__custom brz-css-1q1jvfk brz-css-1fx5mek\" data-brz-custom-id=\"dT2BGLKr5oOE\">\n<div data-brz-translate-text=\"1\">\n<h3 class=\"brz-ff-red_hat_text brz-ft-google brz-fs-lg-22 brz-fss-lg-px brz-fw-lg-400 brz-ls-lg-m_0_5 brz-lh-lg-1_5 brz-tp-lg-heading3 brz-css-xjUYS\" data-uniq-id=\"onD6m\" data-generated-css=\"brz-css-berIc\"><a class=\"brz-cp-color2 link--external\" style=\"opacity: 1\" href=\"https:\/\/artdesuisse.art\/en\/besucherinfos-trittligasse-zurich\/\" data-brz-link-type=\"external\" target=\"_blank\">Trittligasse ZURICH<\/a><\/h3>\n<\/div>\n<\/div>\n<\/div>\n<div class=\"brz-wrapper-clone brz-flex-xs-wrap brz-css-xr2pm8 brz-css-ykbegb\" data-brz-custom-id=\"yNv_nKOyUnV7\"><a class=\"brz-a brz-btn brz-css-w8wb81 brz-css-uy5rvj brz-css-r2q6ki brz-css-a02iev\" href=\"https:\/\/artdesuisse.art\/en\/besucherinfos-trittligasse-zurich\/\" target=\"_blank\" rel=\"noopener\" data-brz-link-type=\"external\" data-brz-custom-id=\"xnQJyJBk1nsZ\"><span data-brz-translate-text=\"1\" class=\"brz-span brz-text__editor\">more<\/span><\/a><\/div>\n<\/div>\n<\/div>\n<div class=\"brz-columns brz-css-ac9sk9 brz-css-1jbwcyw\" data-brz-custom-id=\"e1zMdZ0gf1f6\">\n<div class=\"brz-column__items brz-css-euxlt brz-css-11peoud\">\n<div id=\"\" class=\"brz-css-10fonrh brz-css-1507bjv brz-wrapper\">\n<div class=\"brz-image brz-css-1f3gj10 brz-css-1dc75jj\" data-brz-custom-id=\"wkKZYzqlRUX7\"><a class=\"brz-a\" href=\"https:\/\/artdesuisse.art\/en\/besucherinfromationen-kronen-galerie\/\" target=\"_blank\" rel=\"noopener\" data-brz-link-type=\"external\"><img decoding=\"async\" class=\"brz-img\" src=\"https:\/\/artdesuisse.art\/wp-content\/uploads\/2025\/04\/schild-kronen-galerie_1_orig.jpg\" alt=\"\" title=\"schild-kronen-galerie_1_orig\" loading=\"lazy\"><\/a><\/div>\n<\/div>\n<div id=\"\" class=\"brz-css-10fonrh brz-css-136rhe1 brz-wrapper\">\n<div class=\"brz-rich-text brz-rich-text__custom brz-css-1q1jvfk brz-css-1bvqkq\" data-brz-custom-id=\"tWhiWHxP7U_c\">\n<div data-brz-translate-text=\"1\">\n<h3 class=\"brz-lh-lg-1_5 brz-ls-lg-m_0_5 brz-fw-lg-400 brz-fss-lg-px brz-fs-lg-22 brz-ft-google brz-ff-red_hat_text brz-tp-lg-heading3 brz-css-cMSZ3\" data-generated-css=\"brz-css-tBg8S\" data-uniq-id=\"dk_eU\"><a class=\"brz-cp-color2 link--external\" style=\"opacity: 1\" href=\"https:\/\/artdesuisse.art\/en\/besucherinfos-trittligasse-zurich\/\" data-brz-link-type=\"external\" target=\"_blank\">Kronen Galerie Z\u00dcRICH<\/a><\/h3>\n<p class=\"brz-tp-lg-paragraph brz-css-vQHg3\" data-generated-css=\"brz-css-tejWM\" data-uniq-id=\"kfiaG\"><a class=\"link--external brz-cp-color3\" href=\"https:\/\/artdesuisse.art\/en\/besucherinfromationen-kronen-galerie\/\" data-brz-link-type=\"external\" target=\"_blank\">more<\/a> <\/p>\n<\/div>\n<\/div>\n<\/div>\n<\/div>\n<\/div>\n<\/div>\n<\/div>\n<\/div>\n<\/div>\n<\/section>\n<\/div>\n<p>    <!-- version:1747154800 --><\/p>","protected":false},"excerpt":{"rendered":"<p>Besucher Informationen Veranstaltungen und Standorte Kornsch\u00fctte LUZERN Weiter Trittligasse Z\u00dcRICH Weiter Kronen Galerie Z\u00dcRICH Weiter<\/p>","protected":false},"author":1,"featured_media":0,"parent":0,"menu_order":0,"comment_status":"closed","ping_status":"closed","template":"brizy-blank-template.php","meta":{"footnotes":""},"class_list":["post-123","page","type-page","status-publish","hentry"],"brizy_media":[{"id":591,"url":"https:\/\/artdesuisse.art\/wp-content\/uploads\/2023\/12\/2023-11-12-11.27.41-scaled.webp","name":"2023-11-12-11.27.41.webp","meta":{"brizy_attachment_uid":"wp-28033357f93aa6937bc2ca4136c6b3d8.webp","brizy_post_uid":["b5c8e5c16101657df85198ef5f152569","c918914065c67dc6da8d8a0f4bfbffb9"]}},{"id":790,"url":"https:\/\/artdesuisse.art\/wp-content\/uploads\/2023\/12\/IMG_8192-scaled-1.jpg","name":"IMG_8192-scaled-1.jpg","meta":{"brizy_attachment_uid":"wp-fae59cdad41088bfd8e5de3ccef9806f.jpg","brizy_post_uid":["c918914065c67dc6da8d8a0f4bfbffb9"]}},{"id":791,"url":"https:\/\/artdesuisse.art\/wp-content\/uploads\/2023\/12\/luzerns-rathaus-mit-der-kornschuette-neben-der-rathausbrauerei-c0e05d9c-65f5-4b1c-a29c-509771d296b9.jpg","name":"luzerns-rathaus-mit-der-kornschuette-neben-der-rathausbrauerei-c0e05d9c-65f5-4b1c-a29c-509771d296b9.jpg","meta":{"brizy_attachment_uid":"wp-4255c66084c4e0c059b1d400fb291ab0.jpg","brizy_post_uid":["c918914065c67dc6da8d8a0f4bfbffb9"]}},{"id":1220,"url":"https:\/\/artdesuisse.art\/wp-content\/uploads\/2023\/12\/IMG_1208.jpg","name":"IMG_1208.jpg","meta":{"brizy_attachment_uid":"wp-4b55d4aa3295c1222825407668448614.jpg","brizy_post_uid":["c918914065c67dc6da8d8a0f4bfbffb9"]}},{"id":6108,"url":"https:\/\/artdesuisse.art\/wp-content\/uploads\/2024\/08\/IMG_8192-scaled.jpg","name":"IMG_8192.jpg","meta":{"brizy_attachment_uid":"wp-d5aaa45d35082db4de9a40984d3fdea3.jpg","brizy_post_uid":["c918914065c67dc6da8d8a0f4bfbffb9"]}},{"id":6110,"url":"https:\/\/artdesuisse.art\/wp-content\/uploads\/2024\/08\/favorit-1-scaled.jpg","name":"favorit-1.jpg","meta":{"brizy_attachment_uid":"wp-085a9fff023ca3c12c5225896920fb0f.jpg","brizy_post_uid":["c918914065c67dc6da8d8a0f4bfbffb9"]}},{"id":6137,"url":"https:\/\/artdesuisse.art\/wp-content\/uploads\/2024\/08\/2023-11-12-11.27.41-scaled.jpg","name":"2023-11-12-11.27.41.jpg","meta":{"brizy_attachment_uid":"wp-45e9587e807b723b5173dde972f5c5e3.jpg","brizy_post_uid":["c918914065c67dc6da8d8a0f4bfbffb9"]}},{"id":10042,"url":"https:\/\/artdesuisse.art\/wp-content\/uploads\/2025\/04\/schild-kronen-galerie_1_orig.jpg","name":"schild-kronen-galerie_1_orig.jpg","meta":{"brizy_attachment_uid":"wp-c0f1344e52169e9d5a3a684814f4f86a.jpg","brizy_post_uid":["c918914065c67dc6da8d8a0f4bfbffb9"]}}],"_links":{"self":[{"href":"https:\/\/artdesuisse.art\/en\/wp-json\/wp\/v2\/pages\/123","targetHints":{"allow":["GET"]}}],"collection":[{"href":"https:\/\/artdesuisse.art\/en\/wp-json\/wp\/v2\/pages"}],"about":[{"href":"https:\/\/artdesuisse.art\/en\/wp-json\/wp\/v2\/types\/page"}],"author":[{"embeddable":true,"href":"https:\/\/artdesuisse.art\/en\/wp-json\/wp\/v2\/users\/1"}],"replies":[{"embeddable":true,"href":"https:\/\/artdesuisse.art\/en\/wp-json\/wp\/v2\/comments?post=123"}],"version-history":[{"count":31,"href":"https:\/\/artdesuisse.art\/en\/wp-json\/wp\/v2\/pages\/123\/revisions"}],"predecessor-version":[{"id":11691,"href":"https:\/\/artdesuisse.art\/en\/wp-json\/wp\/v2\/pages\/123\/revisions\/11691"}],"wp:attachment":[{"href":"https:\/\/artdesuisse.art\/en\/wp-json\/wp\/v2\/media?parent=123"}],"curies":[{"name":"wp","href":"https:\/\/api.w.org\/{rel}","templated":true}]}}