{"id":132,"date":"2023-12-05T08:58:54","date_gmt":"2023-12-05T08:58:54","guid":{"rendered":"https:\/\/artdesuisse.art\/?page_id=132"},"modified":"2026-04-19T14:53:44","modified_gmt":"2026-04-19T13:53:44","slug":"pressebilder","status":"publish","type":"page","link":"https:\/\/artdesuisse.art\/en\/pressebilder\/","title":{"rendered":"Press photos"},"content":{"rendered":"<div class=\"brz-root__container brz-reset-all brz brz-root__container-page\">\n<section id=\"560e151f365bb2aaddaa_uychgzjtvzovtvhebwksfcfioojceozpdtsq\" class=\"brz-section brz-css-jnjq51 brz-css-j0xcdp\">\n<div class=\"brz-section__content brz-section--boxed brz-css-1w7xo8z brz-css-1ymis3a\" data-brz-custom-id=\"yyqyhmfmvudmylcaqakwjiqtoqbpklitqffb\">\n<div class=\"brz-container brz-css-ldvvq8 brz-css-2suaeb\">\n<div id=\"\" class=\"brz-css-16ia492 brz-css-1czy1qr brz-wrapper\">\n<div class=\"brz-rich-text brz-rich-text__custom brz-css-1okl3ou brz-css-10fnsxq\" data-brz-custom-id=\"mzwzeqsnetpqnwijhezpiirzzxseaysqokch\">\n<div data-brz-translate-text=\"1\">\n<h1 class=\"brz-ff-red_hat_text brz-ft-google brz-fs-lg-46 brz-fss-lg-px brz-fw-lg-500 brz-ls-lg-m_1_5 brz-lh-lg-1_3 brz-tp-lg-heading1 brz-css-xoGsK\" data-uniq-id=\"hyobn\" data-generated-css=\"brz-css-gqfcv\"><span class=\"brz-cp-color2\" style=\"opacity: 1\">Press photos<\/span><\/h1>\n<\/div>\n<\/div>\n<\/div>\n<div id=\"\" class=\"brz-css-16ia492 brz-css-3huoqd brz-wrapper\">\n<div class=\"brz-rich-text brz-rich-text__custom brz-css-1okl3ou brz-css-1nlrcff\" data-brz-custom-id=\"mpykxaascqdtxbosrtsivautjvmtgssjiymt\">\n<div data-brz-translate-text=\"1\">\n<h2 data-generated-css=\"brz-css-d13lT\" data-uniq-id=\"ktVaJ\" class=\"brz-tp-lg-subtitle brz-lh-lg-1_3 brz-ls-lg-m_1_5 brz-fw-lg-500 brz-fss-lg-px brz-fs-lg-46 brz-ft-google brz-ff-red_hat_text brz-css-mZrKh\">Photographs and images of artworks free for press purposes.<\/h2>\n<\/div>\n<\/div>\n<\/div>\n<div id=\"\" class=\"brz-css-16ia492 brz-css-qrf747 brz-wrapper\">\n<div class=\"brz-rich-text brz-rich-text__custom brz-css-1okl3ou brz-css-1r4w5a5\" data-brz-custom-id=\"qdsjnapmxlyctwtducvpmfptqtujvzgsuqxw\">\n<div data-brz-translate-text=\"1\">\n<p class=\"brz-tp-lg-paragraph brz-css-j9yOa\" data-uniq-id=\"rEsrC\" data-generated-css=\"brz-css-nt0WS\">Please <a class=\"is-empty brz-cp-color2\" style=\"opacity: 1\" href=\"https:\/\/artdesuisse.art\/en\/kontakt\/\" data-brz-link-type=\"page\"><u>contact us<\/u><\/a>if you require further images of artworks by specific exhibitors.<\/p>\n<\/div>\n<\/div>\n<\/div>\n<\/div>\n<\/div>\n<\/section>\n<section id=\"c162d924fb390e07c269_rVQLSqQjePMy\" class=\"brz-section brz-css-jnjq51 brz-css-6iknd5\">\n<div class=\"brz-section__content brz-section--boxed brz-css-1w7xo8z brz-css-2d9p9h\" data-brz-custom-id=\"uhmmR7VcFnFJ\">\n<div class=\"brz-container brz-css-ldvvq8 brz-css-81zoqv\">\n<div id=\"\" class=\"brz-css-16ia492 brz-css-1lwhbih brz-css-pswpxb brz-wrapper\">\n<div class=\"brz-posts brz-css-1agd8zx brz-css-immhx3\" data-brz-custom-id=\"jpovQP2RYA7f\">\n<div class=\"brz-posts__wrapper\">\n<div class=\"brz-posts__item\">\n<div class=\"brz-columns brz-css-zwik5q brz-css-shrpo2 brz-css-1kpjrvp\" data-brz-custom-id=\"mCtQBnWL4SjR\">\n<div class=\"brz-column__items brz-css-tfr51q brz-css-uqiv8b\">\n<div id=\"\" class=\"brz-css-16ia492 brz-css-3k68ch brz-wrapper\">\n<div class=\"brz-image brz-css-1j3c65x brz-css-28ap0g\" data-brz-custom-id=\"meH62AQl3lg9\"><a class=\"brz-a\" href=\"https:\/\/artdesuisse.art\/en\/bilderaufnahmen-zurich-h25\/\" target=\"_blank\" rel=\"noopener\" data-brz-link-type=\"external\"><img decoding=\"async\" class=\"brz-img\" src=\"https:\/\/artdesuisse.art\/wp-content\/uploads\/2025\/07\/Banner3_AdS_Zuerich_H2025.jpg\" alt=\"\" title=\"Banner3_AdS_Z\u00fcrich_H2025\" loading=\"lazy\"><\/a><\/div>\n<\/div>\n<div id=\"\" class=\"brz-css-16ia492 brz-css-1vbeage brz-wrapper\">\n<div class=\"brz-wp-title brz-css-1uujauj brz-css-njmdp2 brz-css-9sl3tl\" data-brz-custom-id=\"j4ZannyFgg2Y\"><a class=\"brz-a\" href=\"https:\/\/artdesuisse.art\/en\/bilderaufnahmen-zurich-h25\/\" target=\"_blank\" rel=\"noopener\" data-brz-link-type=\"external\"><\/p>\n<h4 class=\"brz-wp-title-content\" style=\"min-height:20px\">Autumn edition 2025 Zurich I Pictures and recordings<\/h4>\n<p><\/a><\/div>\n<\/div>\n<div class=\"brz-wrapper-clone brz-flex-xs-wrap brz-css-13q2byo brz-css-1i5fw62\" data-brz-custom-id=\"pVRbAhg6WmKo\"><a class=\"brz-a brz-btn brz-css-1vpaagn brz-css-1dunvoe brz-css-pj1hnd brz-css-1oubul5 brz-css-5uaahe\" href=\"https:\/\/artdesuisse.art\/en\/bilderaufnahmen-zurich-h25\/\" target=\"_blank\" rel=\"noopener\" data-brz-link-type=\"external\" data-brz-custom-id=\"cKPDHikjleKK\"><span data-brz-translate-text=\"1\" class=\"brz-span brz-text__editor\">more<\/span><\/a><\/div>\n<\/div>\n<\/div>\n<\/div>\n<div class=\"brz-posts__item\">\n<div class=\"brz-columns brz-css-zwik5q brz-css-shrpo2 brz-css-1kpjrvp\" data-brz-custom-id=\"mCtQBnWL4SjR\">\n<div class=\"brz-column__items brz-css-tfr51q brz-css-uqiv8b\">\n<div id=\"\" class=\"brz-css-16ia492 brz-css-3k68ch brz-wrapper\">\n<div class=\"brz-image brz-css-1j3c65x brz-css-28ap0g\" data-brz-custom-id=\"meH62AQl3lg9\"><a class=\"brz-a\" href=\"https:\/\/artdesuisse.art\/en\/artdesuisse-luzern-f2025-bilder-und-aufnahmen\/\" target=\"_blank\" rel=\"noopener\" data-brz-link-type=\"external\"><img decoding=\"async\" class=\"brz-img\" src=\"https:\/\/artdesuisse.art\/wp-content\/uploads\/2025\/03\/Banner3_AdS_Luzern_F2025-1.jpg\" alt=\"\" title=\"Banner3_AdS_Luzern_F2025\" loading=\"lazy\"><\/a><\/div>\n<\/div>\n<div id=\"\" class=\"brz-css-16ia492 brz-css-1vbeage brz-wrapper\">\n<div class=\"brz-wp-title brz-css-1uujauj brz-css-njmdp2 brz-css-9sl3tl\" data-brz-custom-id=\"j4ZannyFgg2Y\"><a class=\"brz-a\" href=\"https:\/\/artdesuisse.art\/en\/artdesuisse-luzern-f2025-bilder-und-aufnahmen\/\" target=\"_blank\" rel=\"noopener\" data-brz-link-type=\"external\"><\/p>\n<h4 class=\"brz-wp-title-content\" style=\"min-height:20px\">Spring edition 2025 LUZERN I Pictures and recordings<\/h4>\n<p><\/a><\/div>\n<\/div>\n<div class=\"brz-wrapper-clone brz-flex-xs-wrap brz-css-13q2byo brz-css-1i5fw62\" data-brz-custom-id=\"pVRbAhg6WmKo\"><a class=\"brz-a brz-btn brz-css-1vpaagn brz-css-1dunvoe brz-css-pj1hnd brz-css-1oubul5 brz-css-5uaahe\" href=\"https:\/\/artdesuisse.art\/en\/artdesuisse-luzern-f2025-bilder-und-aufnahmen\/\" target=\"_blank\" rel=\"noopener\" data-brz-link-type=\"external\" data-brz-custom-id=\"cKPDHikjleKK\"><span data-brz-translate-text=\"1\" class=\"brz-span brz-text__editor\">more<\/span><\/a><\/div>\n<\/div>\n<\/div>\n<\/div>\n<div class=\"brz-posts__item\">\n<div class=\"brz-columns brz-css-zwik5q brz-css-shrpo2 brz-css-1kpjrvp\" data-brz-custom-id=\"mCtQBnWL4SjR\">\n<div class=\"brz-column__items brz-css-tfr51q brz-css-uqiv8b\">\n<div id=\"\" class=\"brz-css-16ia492 brz-css-3k68ch brz-wrapper\">\n<div class=\"brz-image brz-css-1j3c65x brz-css-28ap0g\" data-brz-custom-id=\"meH62AQl3lg9\"><a class=\"brz-a\" href=\"https:\/\/artdesuisse.art\/en\/artdesuisse-zurich-f2025-bilder-und-aufnahmen\/\" target=\"_blank\" rel=\"noopener\" data-brz-link-type=\"external\"><img decoding=\"async\" class=\"brz-img\" src=\"https:\/\/artdesuisse.art\/wp-content\/uploads\/2025\/01\/Banner3_AdS_ZUG_F2024-1.jpg\" alt=\"\" title=\"Banner3_AdS_ZUG_F2024 (1)\" loading=\"lazy\"><\/a><\/div>\n<\/div>\n<div id=\"\" class=\"brz-css-16ia492 brz-css-1vbeage brz-wrapper\">\n<div class=\"brz-wp-title brz-css-1uujauj brz-css-njmdp2 brz-css-9sl3tl\" data-brz-custom-id=\"j4ZannyFgg2Y\"><a class=\"brz-a\" href=\"https:\/\/artdesuisse.art\/en\/artdesuisse-zurich-f2025-bilder-und-aufnahmen\/\" target=\"_blank\" rel=\"noopener\" data-brz-link-type=\"external\"><\/p>\n<h4 class=\"brz-wp-title-content\" style=\"min-height:20px\">Fr\u00fchlingsausgabe 2025 Z\u00fcrich I Bilder und Aufnahmen<\/h4>\n<p><\/a><\/div>\n<\/div>\n<div class=\"brz-wrapper-clone brz-flex-xs-wrap brz-css-13q2byo brz-css-1i5fw62\" data-brz-custom-id=\"pVRbAhg6WmKo\"><a class=\"brz-a brz-btn brz-css-1vpaagn brz-css-1dunvoe brz-css-pj1hnd brz-css-1oubul5 brz-css-5uaahe\" href=\"https:\/\/artdesuisse.art\/en\/artdesuisse-zurich-f2025-bilder-und-aufnahmen\/\" target=\"_blank\" rel=\"noopener\" data-brz-link-type=\"external\" data-brz-custom-id=\"cKPDHikjleKK\"><span data-brz-translate-text=\"1\" class=\"brz-span brz-text__editor\">more<\/span><\/a><\/div>\n<\/div>\n<\/div>\n<\/div>\n<div class=\"brz-posts__item\">\n<div class=\"brz-columns brz-css-zwik5q brz-css-shrpo2 brz-css-1kpjrvp\" data-brz-custom-id=\"mCtQBnWL4SjR\">\n<div class=\"brz-column__items brz-css-tfr51q brz-css-uqiv8b\">\n<div id=\"\" class=\"brz-css-16ia492 brz-css-3k68ch brz-wrapper\">\n<div class=\"brz-image brz-css-1j3c65x brz-css-28ap0g\" data-brz-custom-id=\"meH62AQl3lg9\"><a class=\"brz-a\" href=\"https:\/\/artdesuisse.art\/en\/artdesuisse-zug-2025-bilder-und-aufnahmen\/\" target=\"_blank\" rel=\"noopener\" data-brz-link-type=\"external\"><img decoding=\"async\" class=\"brz-img\" src=\"https:\/\/artdesuisse.art\/wp-content\/uploads\/2025\/01\/Banner1_AdS_ZUG_F2025-1.jpg\" alt=\"\" title=\"Banner1_AdS_ZUG_F2025\" loading=\"lazy\"><\/a><\/div>\n<\/div>\n<div id=\"\" class=\"brz-css-16ia492 brz-css-1vbeage brz-wrapper\">\n<div class=\"brz-wp-title brz-css-1uujauj brz-css-njmdp2 brz-css-9sl3tl\" data-brz-custom-id=\"j4ZannyFgg2Y\"><a class=\"brz-a\" href=\"https:\/\/artdesuisse.art\/en\/artdesuisse-zug-2025-bilder-und-aufnahmen\/\" target=\"_blank\" rel=\"noopener\" data-brz-link-type=\"external\"><\/p>\n<h4 class=\"brz-wp-title-content\" style=\"min-height:20px\">Fr\u00fchlingsausgabe 2025 Zug I Bilder und Aufnahmen<\/h4>\n<p><\/a><\/div>\n<\/div>\n<div class=\"brz-wrapper-clone brz-flex-xs-wrap brz-css-13q2byo brz-css-1i5fw62\" data-brz-custom-id=\"pVRbAhg6WmKo\"><a class=\"brz-a brz-btn brz-css-1vpaagn brz-css-1dunvoe brz-css-pj1hnd brz-css-1oubul5 brz-css-5uaahe\" href=\"https:\/\/artdesuisse.art\/en\/artdesuisse-zug-2025-bilder-und-aufnahmen\/\" target=\"_blank\" rel=\"noopener\" data-brz-link-type=\"external\" data-brz-custom-id=\"cKPDHikjleKK\"><span data-brz-translate-text=\"1\" class=\"brz-span brz-text__editor\">more<\/span><\/a><\/div>\n<\/div>\n<\/div>\n<\/div>\n<div class=\"brz-posts__item\">\n<div class=\"brz-columns brz-css-zwik5q brz-css-shrpo2 brz-css-1kpjrvp\" data-brz-custom-id=\"mCtQBnWL4SjR\">\n<div class=\"brz-column__items brz-css-tfr51q brz-css-uqiv8b\">\n<div id=\"\" class=\"brz-css-16ia492 brz-css-3k68ch brz-wrapper\">\n<div class=\"brz-image brz-css-1j3c65x brz-css-28ap0g\" data-brz-custom-id=\"meH62AQl3lg9\"><a class=\"brz-a\" href=\"https:\/\/artdesuisse.art\/en\/fruhlingsausgabe-2025-basel-bilder-und-aufnahmen\/\" target=\"_blank\" rel=\"noopener\" data-brz-link-type=\"external\"><img decoding=\"async\" class=\"brz-img\" src=\"https:\/\/artdesuisse.art\/wp-content\/uploads\/2025\/01\/ADS_Basel_F2025-1.jpg\" alt=\"\" title=\"ADS_Basel_F2025\" loading=\"lazy\"><\/a><\/div>\n<\/div>\n<div id=\"\" class=\"brz-css-16ia492 brz-css-1vbeage brz-wrapper\">\n<div class=\"brz-wp-title brz-css-1uujauj brz-css-njmdp2 brz-css-9sl3tl\" data-brz-custom-id=\"j4ZannyFgg2Y\"><a class=\"brz-a\" href=\"https:\/\/artdesuisse.art\/en\/fruhlingsausgabe-2025-basel-bilder-und-aufnahmen\/\" target=\"_blank\" rel=\"noopener\" data-brz-link-type=\"external\"><\/p>\n<h4 class=\"brz-wp-title-content\" style=\"min-height:20px\">Fr\u00fchlingsausgabe 2025 Basel I Bilder und Aufnahmen<\/h4>\n<p><\/a><\/div>\n<\/div>\n<div class=\"brz-wrapper-clone brz-flex-xs-wrap brz-css-13q2byo brz-css-1i5fw62\" data-brz-custom-id=\"pVRbAhg6WmKo\"><a class=\"brz-a brz-btn brz-css-1vpaagn brz-css-1dunvoe brz-css-pj1hnd brz-css-1oubul5 brz-css-5uaahe\" href=\"https:\/\/artdesuisse.art\/en\/fruhlingsausgabe-2025-basel-bilder-und-aufnahmen\/\" target=\"_blank\" rel=\"noopener\" data-brz-link-type=\"external\" data-brz-custom-id=\"cKPDHikjleKK\"><span data-brz-translate-text=\"1\" class=\"brz-span brz-text__editor\">more<\/span><\/a><\/div>\n<\/div>\n<\/div>\n<\/div>\n<div class=\"brz-posts__item\">\n<div class=\"brz-columns brz-css-zwik5q brz-css-shrpo2 brz-css-1kpjrvp\" data-brz-custom-id=\"mCtQBnWL4SjR\">\n<div class=\"brz-column__items brz-css-tfr51q brz-css-uqiv8b\">\n<div id=\"\" class=\"brz-css-16ia492 brz-css-3k68ch brz-wrapper\">\n<div class=\"brz-image brz-css-1j3c65x brz-css-28ap0g\" data-brz-custom-id=\"meH62AQl3lg9\"><a class=\"brz-a\" href=\"https:\/\/artdesuisse.art\/en\/artdesuisse-zug-h2024-bilder-und-aufnahmen\/\" target=\"_blank\" rel=\"noopener\" data-brz-link-type=\"external\"><img decoding=\"async\" class=\"brz-img\" src=\"https:\/\/artdesuisse.art\/wp-content\/uploads\/2024\/12\/Banner3_AdS_ZUG_H2024.jpg\" alt=\"\" title=\"Banner3_AdS_ZUG_H2024\" loading=\"lazy\"><\/a><\/div>\n<\/div>\n<div id=\"\" class=\"brz-css-16ia492 brz-css-1vbeage brz-wrapper\">\n<div class=\"brz-wp-title brz-css-1uujauj brz-css-njmdp2 brz-css-9sl3tl\" data-brz-custom-id=\"j4ZannyFgg2Y\"><a class=\"brz-a\" href=\"https:\/\/artdesuisse.art\/en\/artdesuisse-zug-h2024-bilder-und-aufnahmen\/\" target=\"_blank\" rel=\"noopener\" data-brz-link-type=\"external\"><\/p>\n<h4 class=\"brz-wp-title-content\" style=\"min-height:20px\">Herbstausgabe 2024 Zug I Bilder und Aufnahmen<\/h4>\n<p><\/a><\/div>\n<\/div>\n<div class=\"brz-wrapper-clone brz-flex-xs-wrap brz-css-13q2byo brz-css-1i5fw62\" data-brz-custom-id=\"pVRbAhg6WmKo\"><a class=\"brz-a brz-btn brz-css-1vpaagn brz-css-1dunvoe brz-css-pj1hnd brz-css-1oubul5 brz-css-5uaahe\" href=\"https:\/\/artdesuisse.art\/en\/artdesuisse-zug-h2024-bilder-und-aufnahmen\/\" target=\"_blank\" rel=\"noopener\" data-brz-link-type=\"external\" data-brz-custom-id=\"cKPDHikjleKK\"><span data-brz-translate-text=\"1\" class=\"brz-span brz-text__editor\">more<\/span><\/a><\/div>\n<\/div>\n<\/div>\n<\/div>\n<div class=\"brz-posts__item\">\n<div class=\"brz-columns brz-css-zwik5q brz-css-shrpo2 brz-css-1kpjrvp\" data-brz-custom-id=\"mCtQBnWL4SjR\">\n<div class=\"brz-column__items brz-css-tfr51q brz-css-uqiv8b\">\n<div id=\"\" class=\"brz-css-16ia492 brz-css-3k68ch brz-wrapper\">\n<div class=\"brz-image brz-css-1j3c65x brz-css-28ap0g\" data-brz-custom-id=\"meH62AQl3lg9\"><a class=\"brz-a\" href=\"https:\/\/artdesuisse.art\/en\/bilder-und-aufnahmen-2\/\" target=\"_blank\" rel=\"noopener\" data-brz-link-type=\"external\"><img decoding=\"async\" class=\"brz-img\" src=\"https:\/\/artdesuisse.art\/wp-content\/uploads\/2024\/09\/Quadrat-LOGO-Luzern-H24_2.jpg\" alt=\"\" title=\"Quadrat LOGO Luzern H24_2\" loading=\"lazy\"><\/a><\/div>\n<\/div>\n<div id=\"\" class=\"brz-css-16ia492 brz-css-1vbeage brz-wrapper\">\n<div class=\"brz-wp-title brz-css-1uujauj brz-css-njmdp2 brz-css-9sl3tl\" data-brz-custom-id=\"j4ZannyFgg2Y\"><a class=\"brz-a\" href=\"https:\/\/artdesuisse.art\/en\/bilder-und-aufnahmen-2\/\" target=\"_blank\" rel=\"noopener\" data-brz-link-type=\"external\"><\/p>\n<h4 class=\"brz-wp-title-content\" style=\"min-height:20px\">Herbstausgabe 2024 Luzern I Bilder und Aufnahmen<\/h4>\n<p><\/a><\/div>\n<\/div>\n<div class=\"brz-wrapper-clone brz-flex-xs-wrap brz-css-13q2byo brz-css-1i5fw62\" data-brz-custom-id=\"pVRbAhg6WmKo\"><a class=\"brz-a brz-btn brz-css-1vpaagn brz-css-1dunvoe brz-css-pj1hnd brz-css-1oubul5 brz-css-5uaahe\" href=\"https:\/\/artdesuisse.art\/en\/bilder-und-aufnahmen-2\/\" target=\"_blank\" rel=\"noopener\" data-brz-link-type=\"external\" data-brz-custom-id=\"cKPDHikjleKK\"><span data-brz-translate-text=\"1\" class=\"brz-span brz-text__editor\">more<\/span><\/a><\/div>\n<\/div>\n<\/div>\n<\/div>\n<div class=\"brz-posts__item\">\n<div class=\"brz-columns brz-css-zwik5q brz-css-shrpo2 brz-css-1kpjrvp\" data-brz-custom-id=\"mCtQBnWL4SjR\">\n<div class=\"brz-column__items brz-css-tfr51q brz-css-uqiv8b\">\n<div id=\"\" class=\"brz-css-16ia492 brz-css-3k68ch brz-wrapper\">\n<div class=\"brz-image brz-css-1j3c65x brz-css-28ap0g\" data-brz-custom-id=\"meH62AQl3lg9\"><a class=\"brz-a\" href=\"https:\/\/artdesuisse.art\/en\/bilder-und-aufnahmen\/\" target=\"_blank\" rel=\"noopener\" data-brz-link-type=\"external\"><img decoding=\"async\" class=\"brz-img\" src=\"https:\/\/artdesuisse.art\/wp-content\/uploads\/2024\/06\/Banner3_AdS_LUZERN_F2024-2.jpg\" alt=\"\" title=\"Banner3_AdS_LUZERN_F2024\" loading=\"lazy\"><\/a><\/div>\n<\/div>\n<div id=\"\" class=\"brz-css-16ia492 brz-css-1vbeage brz-wrapper\">\n<div class=\"brz-wp-title brz-css-1uujauj brz-css-njmdp2 brz-css-9sl3tl\" data-brz-custom-id=\"j4ZannyFgg2Y\"><a class=\"brz-a\" href=\"https:\/\/artdesuisse.art\/en\/bilder-und-aufnahmen\/\" target=\"_blank\" rel=\"noopener\" data-brz-link-type=\"external\"><\/p>\n<h4 class=\"brz-wp-title-content\" style=\"min-height:20px\">Fr\u00fchlingsausgabe 2024 Luzern I Bilder und Aufnahmen<\/h4>\n<p><\/a><\/div>\n<\/div>\n<div class=\"brz-wrapper-clone brz-flex-xs-wrap brz-css-13q2byo brz-css-1i5fw62\" data-brz-custom-id=\"pVRbAhg6WmKo\"><a class=\"brz-a brz-btn brz-css-1vpaagn brz-css-1dunvoe brz-css-pj1hnd brz-css-1oubul5 brz-css-5uaahe\" href=\"https:\/\/artdesuisse.art\/en\/bilder-und-aufnahmen\/\" target=\"_blank\" rel=\"noopener\" data-brz-link-type=\"external\" data-brz-custom-id=\"cKPDHikjleKK\"><span data-brz-translate-text=\"1\" class=\"brz-span brz-text__editor\">more<\/span><\/a><\/div>\n<\/div>\n<\/div>\n<\/div>\n<div class=\"brz-posts__item\">\n<div class=\"brz-columns brz-css-zwik5q brz-css-shrpo2 brz-css-1kpjrvp\" data-brz-custom-id=\"mCtQBnWL4SjR\">\n<div class=\"brz-column__items brz-css-tfr51q brz-css-uqiv8b\">\n<div id=\"\" class=\"brz-css-16ia492 brz-css-3k68ch brz-wrapper\">\n<div class=\"brz-image brz-css-1j3c65x brz-css-28ap0g\" data-brz-custom-id=\"meH62AQl3lg9\"><a class=\"brz-a\" href=\"https:\/\/artdesuisse.art\/en\/artdesuisse-zug-2024-i-bilder-und-aufnahmen\/\" target=\"_blank\" rel=\"noopener\" data-brz-link-type=\"external\"><img decoding=\"async\" class=\"brz-img\" src=\"https:\/\/artdesuisse.art\/wp-content\/uploads\/2023\/12\/Banner3_AdS_ZUG_F2024-4.jpg\" alt=\"\" title=\"Banner3_AdS_ZUG_F2024\" loading=\"lazy\"><\/a><\/div>\n<\/div>\n<div id=\"\" class=\"brz-css-16ia492 brz-css-1vbeage brz-wrapper\">\n<div class=\"brz-wp-title brz-css-1uujauj brz-css-njmdp2 brz-css-9sl3tl\" data-brz-custom-id=\"j4ZannyFgg2Y\"><a class=\"brz-a\" href=\"https:\/\/artdesuisse.art\/en\/artdesuisse-zug-2024-i-bilder-und-aufnahmen\/\" target=\"_blank\" rel=\"noopener\" data-brz-link-type=\"external\"><\/p>\n<h4 class=\"brz-wp-title-content\" style=\"min-height:20px\">Fr\u00fchlingsausgabe 2024 Zug I Bilder und Aufnahmen<\/h4>\n<p><\/a><\/div>\n<\/div>\n<div class=\"brz-wrapper-clone brz-flex-xs-wrap brz-css-13q2byo brz-css-1i5fw62\" data-brz-custom-id=\"pVRbAhg6WmKo\"><a class=\"brz-a brz-btn brz-css-1vpaagn brz-css-1dunvoe brz-css-pj1hnd brz-css-1oubul5 brz-css-5uaahe\" href=\"https:\/\/artdesuisse.art\/en\/artdesuisse-zug-2024-i-bilder-und-aufnahmen\/\" target=\"_blank\" rel=\"noopener\" data-brz-link-type=\"external\" data-brz-custom-id=\"cKPDHikjleKK\"><span data-brz-translate-text=\"1\" class=\"brz-span brz-text__editor\">more<\/span><\/a><\/div>\n<\/div>\n<\/div>\n<\/div>\n<div class=\"brz-posts__item\">\n<div class=\"brz-columns brz-css-zwik5q brz-css-shrpo2 brz-css-1kpjrvp\" data-brz-custom-id=\"mCtQBnWL4SjR\">\n<div class=\"brz-column__items brz-css-tfr51q brz-css-uqiv8b\">\n<div id=\"\" class=\"brz-css-16ia492 brz-css-3k68ch brz-wrapper\">\n<div class=\"brz-image brz-css-1j3c65x brz-css-28ap0g\" data-brz-custom-id=\"meH62AQl3lg9\"><a class=\"brz-a\" href=\"https:\/\/artdesuisse.art\/en\/21-24-maerz-2024\/\" target=\"_blank\" rel=\"noopener\" data-brz-link-type=\"external\"><img decoding=\"async\" class=\"brz-img\" src=\"https:\/\/artdesuisse.art\/wp-content\/uploads\/2023\/12\/03_Quadrat_Banner3_Zuerich_F2024.jpg\" alt=\"\" title=\"03_Quadrat_Banner3_Zuerich_F2024\" loading=\"lazy\"><\/a><\/div>\n<\/div>\n<div id=\"\" class=\"brz-css-16ia492 brz-css-1vbeage brz-wrapper\">\n<div class=\"brz-wp-title brz-css-1uujauj brz-css-njmdp2 brz-css-9sl3tl\" data-brz-custom-id=\"j4ZannyFgg2Y\"><a class=\"brz-a\" href=\"https:\/\/artdesuisse.art\/en\/21-24-maerz-2024\/\" target=\"_blank\" rel=\"noopener\" data-brz-link-type=\"external\"><\/p>\n<h4 class=\"brz-wp-title-content\" style=\"min-height:20px\">Fr\u00fchlingsausgabe 2024 Z\u00fcrich I Bilder und Aufnahmen<\/h4>\n<p><\/a><\/div>\n<\/div>\n<div class=\"brz-wrapper-clone brz-flex-xs-wrap brz-css-13q2byo brz-css-1i5fw62\" data-brz-custom-id=\"pVRbAhg6WmKo\"><a class=\"brz-a brz-btn brz-css-1vpaagn brz-css-1dunvoe brz-css-pj1hnd brz-css-1oubul5 brz-css-5uaahe\" href=\"https:\/\/artdesuisse.art\/en\/21-24-maerz-2024\/\" target=\"_blank\" rel=\"noopener\" data-brz-link-type=\"external\" data-brz-custom-id=\"cKPDHikjleKK\"><span data-brz-translate-text=\"1\" class=\"brz-span brz-text__editor\">more<\/span><\/a><\/div>\n<\/div>\n<\/div>\n<\/div>\n<div class=\"brz-posts__item\">\n<div class=\"brz-columns brz-css-zwik5q brz-css-shrpo2 brz-css-1kpjrvp\" data-brz-custom-id=\"mCtQBnWL4SjR\">\n<div class=\"brz-column__items brz-css-tfr51q brz-css-uqiv8b\">\n<div id=\"\" class=\"brz-css-16ia492 brz-css-3k68ch brz-wrapper\">\n<div class=\"brz-image brz-css-1j3c65x brz-css-28ap0g\" data-brz-custom-id=\"meH62AQl3lg9\"><a class=\"brz-a\" href=\"https:\/\/artdesuisse.art\/en\/bilder-und-aufnahmen-artdesuisse-zug-2023\/\" target=\"_blank\" rel=\"noopener\" data-brz-link-type=\"external\"><img decoding=\"async\" class=\"brz-img\" src=\"https:\/\/artdesuisse.art\/wp-content\/uploads\/2023\/12\/Banner3_AdS_ZUG_F2023-1.jpg\" alt=\"\" title=\"Banner3_AdS_ZUG_F2023\" loading=\"lazy\"><\/a><\/div>\n<\/div>\n<div id=\"\" class=\"brz-css-16ia492 brz-css-1vbeage brz-wrapper\">\n<div class=\"brz-wp-title brz-css-1uujauj brz-css-njmdp2 brz-css-9sl3tl\" data-brz-custom-id=\"j4ZannyFgg2Y\"><a class=\"brz-a\" href=\"https:\/\/artdesuisse.art\/en\/bilder-und-aufnahmen-artdesuisse-zug-2023\/\" target=\"_blank\" rel=\"noopener\" data-brz-link-type=\"external\"><\/p>\n<h4 class=\"brz-wp-title-content\" style=\"min-height:20px\">Autumn issue 2023 Zug | Pictures and recordings<\/h4>\n<p><\/a><\/div>\n<\/div>\n<div class=\"brz-wrapper-clone brz-flex-xs-wrap brz-css-13q2byo brz-css-1i5fw62\" data-brz-custom-id=\"pVRbAhg6WmKo\"><a class=\"brz-a brz-btn brz-css-1vpaagn brz-css-1dunvoe brz-css-pj1hnd brz-css-1oubul5 brz-css-5uaahe\" href=\"https:\/\/artdesuisse.art\/en\/bilder-und-aufnahmen-artdesuisse-zug-2023\/\" target=\"_blank\" rel=\"noopener\" data-brz-link-type=\"external\" data-brz-custom-id=\"cKPDHikjleKK\"><span data-brz-translate-text=\"1\" class=\"brz-span brz-text__editor\">more<\/span><\/a><\/div>\n<\/div>\n<\/div>\n<\/div>\n<\/div>\n<\/div>\n<\/div>\n<\/div>\n<\/div>\n<\/section>\n<\/div>\n<p>    <!-- version:1752852229 --><\/p>","protected":false},"excerpt":{"rendered":"<p>Pressebilder Fotografien und Abbildungen von Kunstwerken f\u00fcr Pressezwecke frei. Bitte kontaktieren Sie uns, wenn Sie weitere Bilder von Kunstwerken bestimmter Aussteller ben\u00f6tigen. Herbstausgabe 2025 Z\u00fcrich I Bilder und Aufnahmen Weiter Fr\u00fchlingsausgabe 2025 LUZERN I Bilder und Aufnahmen Weiter Fr\u00fchlingsausgabe 2025 Z\u00fcrich I Bilder und Aufnahmen Weiter Fr\u00fchlingsausgabe 2025 Zug I Bilder und Aufnahmen Weiter Fr\u00fchlingsausgabe [&hellip;]<\/p>\n","protected":false},"author":1,"featured_media":0,"parent":0,"menu_order":0,"comment_status":"closed","ping_status":"closed","template":"brizy-blank-template.php","meta":{"footnotes":""},"class_list":["post-132","page","type-page","status-publish","hentry"],"brizy_media":[{"id":4843,"url":"https:\/\/artdesuisse.art\/wp-content\/uploads\/2024\/06\/Banner3_AdS_LUZERN_F2024-1.jpg","name":"Banner3_AdS_LUZERN_F2024-1.jpg","meta":{"brizy_attachment_uid":"wp-194364aca2e064ab6e763f73947f0676.jpg","brizy_post_uid":["f89d2abca79f3d03da7059f6ddbe8c4e","8d0b21e9e1bfbc4cb2376f943832b481"]}},{"id":7169,"url":"https:\/\/artdesuisse.art\/wp-content\/uploads\/2024\/09\/Quadrat-LOGO-Luzern-H24_2-1.jpg","name":"Quadrat-LOGO-Luzern-H24_2-1.jpg","meta":{"brizy_attachment_uid":"wp-ce4b8aabcdd5e136446f8299a71585f0.jpg","brizy_post_uid":["8d0b21e9e1bfbc4cb2376f943832b481"]}},{"id":8119,"url":"https:\/\/artdesuisse.art\/wp-content\/uploads\/2024\/11\/Billboard_AdS_Zug_H24.jpg","name":"Billboard_AdS_Zug_H24.jpg","meta":{"brizy_attachment_uid":"wp-0a79f025620d2b02b58368f624001859.jpg","brizy_post_uid":["8d0b21e9e1bfbc4cb2376f943832b481"]}}],"_links":{"self":[{"href":"https:\/\/artdesuisse.art\/en\/wp-json\/wp\/v2\/pages\/132","targetHints":{"allow":["GET"]}}],"collection":[{"href":"https:\/\/artdesuisse.art\/en\/wp-json\/wp\/v2\/pages"}],"about":[{"href":"https:\/\/artdesuisse.art\/en\/wp-json\/wp\/v2\/types\/page"}],"author":[{"embeddable":true,"href":"https:\/\/artdesuisse.art\/en\/wp-json\/wp\/v2\/users\/1"}],"replies":[{"embeddable":true,"href":"https:\/\/artdesuisse.art\/en\/wp-json\/wp\/v2\/comments?post=132"}],"version-history":[{"count":23,"href":"https:\/\/artdesuisse.art\/en\/wp-json\/wp\/v2\/pages\/132\/revisions"}],"predecessor-version":[{"id":10602,"href":"https:\/\/artdesuisse.art\/en\/wp-json\/wp\/v2\/pages\/132\/revisions\/10602"}],"wp:attachment":[{"href":"https:\/\/artdesuisse.art\/en\/wp-json\/wp\/v2\/media?parent=132"}],"curies":[{"name":"wp","href":"https:\/\/api.w.org\/{rel}","templated":true}]}}