{"id":134,"date":"2023-12-05T08:58:54","date_gmt":"2023-12-05T08:58:54","guid":{"rendered":"https:\/\/artdesuisse.art\/?page_id=134"},"modified":"2026-04-19T10:57:41","modified_gmt":"2026-04-19T09:57:41","slug":"aussteller","status":"publish","type":"page","link":"https:\/\/artdesuisse.art\/en\/aussteller\/","title":{"rendered":"Exhibitor"},"content":{"rendered":"<div class=\"brz-root__container brz-reset-all brz brz-root__container-page\">\n<section id=\"032aee552db4e50a5571_xbgnyxiurbkhnozmewfynjaxfrrdfljfkomy\" class=\"brz-section brz-css-1hsxte8 brz-css-98ts1u\">\n<div class=\"brz-section__content brz-section--boxed brz-css-944w9n brz-css-1ruapr0\" data-brz-custom-id=\"mdvtzygughojfjsskbyanrmnsdfckvbuswql\">\n<div class=\"brz-container brz-css-gvstun brz-css-msjr5j\">\n<div id=\"\" class=\"brz-css-c0kin0 brz-css-11prdre brz-wrapper\">\n<div class=\"brz-rich-text brz-rich-text__custom brz-css-m65ihb brz-css-1f2yujm\" data-brz-custom-id=\"qdoohcnmdgztanobsejtxkurlyiujtrijdtq\">\n<div data-brz-translate-text=\"1\">\n<h1 class=\"brz-tp-lg-heading1 brz-lh-lg-1_3 brz-ls-lg-m_1_5 brz-fw-lg-500 brz-fss-lg-px brz-fs-lg-46 brz-ft-google brz-ff-red_hat_text brz-css-i941Y\" data-generated-css=\"brz-css-hUyEw\" data-uniq-id=\"k6pqJ\"><span class=\"brz-cp-color2\" style=\"opacity: 1\">Exhibitors<\/span><\/h1>\n<\/div>\n<\/div>\n<\/div>\n<div id=\"\" class=\"brz-css-c0kin0 brz-css-1wn2zjy brz-wrapper\">\n<div class=\"brz-rich-text brz-rich-text__custom brz-css-m65ihb brz-css-cj0h3d\" data-brz-custom-id=\"gmayvhvmgcruihuvtisvarnxqocdcwgbgsfv\">\n<div data-brz-translate-text=\"1\">\n<h2 class=\"brz-ff-red_hat_text brz-ft-google brz-fs-lg-46 brz-fss-lg-px brz-fw-lg-500 brz-ls-lg-m_1_5 brz-lh-lg-1_3 brz-tp-lg-subtitle brz-css-tcR3x\" data-uniq-id=\"kJLB5\" data-generated-css=\"brz-css-jvFO_\"><span class=\"brz-cp-color2\" style=\"opacity: 1\">ARTdeSUISSE Cosmopolitan <\/span><\/h2>\n<\/div>\n<\/div>\n<\/div>\n<\/div>\n<\/div>\n<\/section>\n<section id=\"7f4ffb29412424773e36_u5CWf9GNJdnG\" class=\"brz-section brz-css-1hsxte8 brz-css-3bed0c\">\n<div class=\"brz-section__content brz-section--boxed brz-css-944w9n brz-css-vcd18h\" data-brz-custom-id=\"p95e8MKBwF85\">\n<div class=\"brz-container brz-css-gvstun brz-css-1o3233x\">\n<div id=\"\" class=\"brz-css-c0kin0 brz-css-9hlhtt brz-css-1060yh4 brz-wrapper\">\n<div class=\"brz-posts brz-css-13f5763 brz-css-12l0abr\" data-brz-custom-id=\"y12ST3KXGfqE\">\n<div class=\"brz-posts__wrapper\">\n<div class=\"brz-posts__item\">\n<div class=\"brz-columns brz-css-dls934 brz-css-1xp6qj6 brz-css-4e02op\" data-brz-custom-id=\"lIrtrL8kwvff\">\n<div class=\"brz-column__items brz-css-8n1d2d brz-css-wekzq9\">\n<div id=\"\" class=\"brz-css-c0kin0 brz-css-51orjj brz-wrapper\">\n<div class=\"brz-image brz-css-1tmxpj1 brz-css-12uwhx7\" data-brz-custom-id=\"scriYFjDyFRm\"><a class=\"brz-a\" href=\"https:\/\/artdesuisse.art\/en\/artists-luzern2025-herbstausgabe\/\" target=\"_blank\" rel=\"noopener\" data-brz-link-type=\"external\"><img decoding=\"async\" class=\"brz-img\" src=\"https:\/\/artdesuisse.art\/wp-content\/uploads\/2024\/06\/Banner3_AdS_LUZERN_H2025-1.jpg\" alt=\"\" title=\"Banner3_AdS_LUZERN_H2025\" loading=\"lazy\"><\/a><\/div>\n<\/div>\n<div id=\"\" class=\"brz-css-c0kin0 brz-css-1qgt4ea brz-wrapper\">\n<div class=\"brz-wp-title brz-css-1dn1a7h brz-css-15cp4go brz-css-1psxas\" data-brz-custom-id=\"pHfLNNXDgvbo\"><a class=\"brz-a\" href=\"https:\/\/artdesuisse.art\/en\/artists-luzern2025-herbstausgabe\/\" target=\"_blank\" rel=\"noopener\" data-brz-link-type=\"external\"><\/p>\n<h4 class=\"brz-wp-title-content\" style=\"min-height:20px\">Exhibitors ARTdeSUISSE Lucerne | Autumn edition 2025<\/h4>\n<p><\/a><\/div>\n<\/div>\n<div class=\"brz-wrapper-clone brz-flex-xs-wrap brz-css-y7qdho brz-css-18i3brj\" data-brz-custom-id=\"ne6poC9eC_Cv\"><a class=\"brz-a brz-btn brz-css-fc7j6n brz-css-1j8fd03 brz-css-t3t9n0 brz-css-12nn953 brz-css-uanq7p\" href=\"https:\/\/artdesuisse.art\/en\/artists-luzern2025-herbstausgabe\/\" target=\"_blank\" rel=\"noopener\" data-brz-link-type=\"external\" data-brz-custom-id=\"cQAO5n1RHCnB\"><span data-brz-translate-text=\"1\" class=\"brz-span brz-text__editor\">more<\/span><\/a><\/div>\n<\/div>\n<\/div>\n<\/div>\n<div class=\"brz-posts__item\">\n<div class=\"brz-columns brz-css-dls934 brz-css-1xp6qj6 brz-css-4e02op\" data-brz-custom-id=\"lIrtrL8kwvff\">\n<div class=\"brz-column__items brz-css-8n1d2d brz-css-wekzq9\">\n<div id=\"\" class=\"brz-css-c0kin0 brz-css-51orjj brz-wrapper\">\n<div class=\"brz-image brz-css-1tmxpj1 brz-css-12uwhx7\" data-brz-custom-id=\"scriYFjDyFRm\"><a class=\"brz-a\" href=\"https:\/\/artdesuisse.art\/en\/artists-basel2025-herbstausgabe\/\" target=\"_blank\" rel=\"noopener\" data-brz-link-type=\"external\"><img decoding=\"async\" class=\"brz-img\" src=\"https:\/\/artdesuisse.art\/wp-content\/uploads\/2025\/07\/Banner-AdS_Basel_H2025.jpg\" alt=\"\" title=\"Banner AdS_Basel_H2025\" loading=\"lazy\"><\/a><\/div>\n<\/div>\n<div id=\"\" class=\"brz-css-c0kin0 brz-css-1qgt4ea brz-wrapper\">\n<div class=\"brz-wp-title brz-css-1dn1a7h brz-css-15cp4go brz-css-1psxas\" data-brz-custom-id=\"pHfLNNXDgvbo\"><a class=\"brz-a\" href=\"https:\/\/artdesuisse.art\/en\/artists-basel2025-herbstausgabe\/\" target=\"_blank\" rel=\"noopener\" data-brz-link-type=\"external\"><\/p>\n<h4 class=\"brz-wp-title-content\" style=\"min-height:20px\">AusstellerInnen ARTdeSUISSE Basel | Herbstausgabe 2025<\/h4>\n<p><\/a><\/div>\n<\/div>\n<div class=\"brz-wrapper-clone brz-flex-xs-wrap brz-css-y7qdho brz-css-18i3brj\" data-brz-custom-id=\"ne6poC9eC_Cv\"><a class=\"brz-a brz-btn brz-css-fc7j6n brz-css-1j8fd03 brz-css-t3t9n0 brz-css-12nn953 brz-css-uanq7p\" href=\"https:\/\/artdesuisse.art\/en\/artists-basel2025-herbstausgabe\/\" target=\"_blank\" rel=\"noopener\" data-brz-link-type=\"external\" data-brz-custom-id=\"cQAO5n1RHCnB\"><span data-brz-translate-text=\"1\" class=\"brz-span brz-text__editor\">more<\/span><\/a><\/div>\n<\/div>\n<\/div>\n<\/div>\n<div class=\"brz-posts__item\">\n<div class=\"brz-columns brz-css-dls934 brz-css-1xp6qj6 brz-css-4e02op\" data-brz-custom-id=\"lIrtrL8kwvff\">\n<div class=\"brz-column__items brz-css-8n1d2d brz-css-wekzq9\">\n<div id=\"\" class=\"brz-css-c0kin0 brz-css-51orjj brz-wrapper\">\n<div class=\"brz-image brz-css-1tmxpj1 brz-css-12uwhx7\" data-brz-custom-id=\"scriYFjDyFRm\"><a class=\"brz-a\" href=\"https:\/\/artdesuisse.art\/en\/aussteller-luzern2025-fruhlingsausgabe\/\" target=\"_blank\" rel=\"noopener\" data-brz-link-type=\"external\"><img decoding=\"async\" class=\"brz-img\" src=\"https:\/\/artdesuisse.art\/wp-content\/uploads\/2025\/03\/Banner3_AdS_ZUG_F2024.jpg\" alt=\"\" title=\"Banner3_AdS_ZUG_F2024\" loading=\"lazy\"><\/a><\/div>\n<\/div>\n<div id=\"\" class=\"brz-css-c0kin0 brz-css-1qgt4ea brz-wrapper\">\n<div class=\"brz-wp-title brz-css-1dn1a7h brz-css-15cp4go brz-css-1psxas\" data-brz-custom-id=\"pHfLNNXDgvbo\"><a class=\"brz-a\" href=\"https:\/\/artdesuisse.art\/en\/aussteller-luzern2025-fruhlingsausgabe\/\" target=\"_blank\" rel=\"noopener\" data-brz-link-type=\"external\"><\/p>\n<h4 class=\"brz-wp-title-content\" style=\"min-height:20px\">Exhibitors ARTdeSUISSE Lucerne | Spring Edition 2025<\/h4>\n<p><\/a><\/div>\n<\/div>\n<div class=\"brz-wrapper-clone brz-flex-xs-wrap brz-css-y7qdho brz-css-18i3brj\" data-brz-custom-id=\"ne6poC9eC_Cv\"><a class=\"brz-a brz-btn brz-css-fc7j6n brz-css-1j8fd03 brz-css-t3t9n0 brz-css-12nn953 brz-css-uanq7p\" href=\"https:\/\/artdesuisse.art\/en\/aussteller-luzern2025-fruhlingsausgabe\/\" target=\"_blank\" rel=\"noopener\" data-brz-link-type=\"external\" data-brz-custom-id=\"cQAO5n1RHCnB\"><span data-brz-translate-text=\"1\" class=\"brz-span brz-text__editor\">more<\/span><\/a><\/div>\n<\/div>\n<\/div>\n<\/div>\n<div class=\"brz-posts__item\">\n<div class=\"brz-columns brz-css-dls934 brz-css-1xp6qj6 brz-css-4e02op\" data-brz-custom-id=\"lIrtrL8kwvff\">\n<div class=\"brz-column__items brz-css-8n1d2d brz-css-wekzq9\">\n<div id=\"\" class=\"brz-css-c0kin0 brz-css-51orjj brz-wrapper\">\n<div class=\"brz-image brz-css-1tmxpj1 brz-css-12uwhx7\" data-brz-custom-id=\"scriYFjDyFRm\"><a class=\"brz-a\" href=\"https:\/\/artdesuisse.art\/en\/artists-zurich2025-herbstsausgabe\/\" target=\"_blank\" rel=\"noopener\" data-brz-link-type=\"external\"><img decoding=\"async\" class=\"brz-img\" src=\"https:\/\/artdesuisse.art\/wp-content\/uploads\/2025\/01\/Banner3_AdS_Zuerich_H2025.jpg\" alt=\"\" title=\"Banner3_AdS_Z\u00fcrich_H2025\" loading=\"lazy\"><\/a><\/div>\n<\/div>\n<div id=\"\" class=\"brz-css-c0kin0 brz-css-1qgt4ea brz-wrapper\">\n<div class=\"brz-wp-title brz-css-1dn1a7h brz-css-15cp4go brz-css-1psxas\" data-brz-custom-id=\"pHfLNNXDgvbo\"><a class=\"brz-a\" href=\"https:\/\/artdesuisse.art\/en\/artists-zurich2025-herbstsausgabe\/\" target=\"_blank\" rel=\"noopener\" data-brz-link-type=\"external\"><\/p>\n<h4 class=\"brz-wp-title-content\" style=\"min-height:20px\">Exhibitors ARTdeSUISSE ZURICH | Autumn Edition 2025<\/h4>\n<p><\/a><\/div>\n<\/div>\n<div class=\"brz-wrapper-clone brz-flex-xs-wrap brz-css-y7qdho brz-css-18i3brj\" data-brz-custom-id=\"ne6poC9eC_Cv\"><a class=\"brz-a brz-btn brz-css-fc7j6n brz-css-1j8fd03 brz-css-t3t9n0 brz-css-12nn953 brz-css-uanq7p\" href=\"https:\/\/artdesuisse.art\/en\/artists-zurich2025-herbstsausgabe\/\" target=\"_blank\" rel=\"noopener\" data-brz-link-type=\"external\" data-brz-custom-id=\"cQAO5n1RHCnB\"><span data-brz-translate-text=\"1\" class=\"brz-span brz-text__editor\">more<\/span><\/a><\/div>\n<\/div>\n<\/div>\n<\/div>\n<div class=\"brz-posts__item\">\n<div class=\"brz-columns brz-css-dls934 brz-css-1xp6qj6 brz-css-4e02op\" data-brz-custom-id=\"lIrtrL8kwvff\">\n<div class=\"brz-column__items brz-css-8n1d2d brz-css-wekzq9\">\n<div id=\"\" class=\"brz-css-c0kin0 brz-css-51orjj brz-wrapper\">\n<div class=\"brz-image brz-css-1tmxpj1 brz-css-12uwhx7\" data-brz-custom-id=\"scriYFjDyFRm\"><a class=\"brz-a\" href=\"https:\/\/artdesuisse.art\/en\/aussteller-zurich2025-fruhlingsausgabe\/\" target=\"_blank\" rel=\"noopener\" data-brz-link-type=\"external\"><img decoding=\"async\" class=\"brz-img\" src=\"https:\/\/artdesuisse.art\/wp-content\/uploads\/2025\/01\/Banner3_AdS_ZUG_F2024-1.jpg\" alt=\"\" title=\"Banner3_AdS_ZUG_F2024 (1)\" loading=\"lazy\"><\/a><\/div>\n<\/div>\n<div id=\"\" class=\"brz-css-c0kin0 brz-css-1qgt4ea brz-wrapper\">\n<div class=\"brz-wp-title brz-css-1dn1a7h brz-css-15cp4go brz-css-1psxas\" data-brz-custom-id=\"pHfLNNXDgvbo\"><a class=\"brz-a\" href=\"https:\/\/artdesuisse.art\/en\/aussteller-zurich2025-fruhlingsausgabe\/\" target=\"_blank\" rel=\"noopener\" data-brz-link-type=\"external\"><\/p>\n<h4 class=\"brz-wp-title-content\" style=\"min-height:20px\">Exhibitors ARTdeSUISSE Z\u00dcRICH | Spring Edition 2025<\/h4>\n<p><\/a><\/div>\n<\/div>\n<div class=\"brz-wrapper-clone brz-flex-xs-wrap brz-css-y7qdho brz-css-18i3brj\" data-brz-custom-id=\"ne6poC9eC_Cv\"><a class=\"brz-a brz-btn brz-css-fc7j6n brz-css-1j8fd03 brz-css-t3t9n0 brz-css-12nn953 brz-css-uanq7p\" href=\"https:\/\/artdesuisse.art\/en\/aussteller-zurich2025-fruhlingsausgabe\/\" target=\"_blank\" rel=\"noopener\" data-brz-link-type=\"external\" data-brz-custom-id=\"cQAO5n1RHCnB\"><span data-brz-translate-text=\"1\" class=\"brz-span brz-text__editor\">more<\/span><\/a><\/div>\n<\/div>\n<\/div>\n<\/div>\n<div class=\"brz-posts__item\">\n<div class=\"brz-columns brz-css-dls934 brz-css-1xp6qj6 brz-css-4e02op\" data-brz-custom-id=\"lIrtrL8kwvff\">\n<div class=\"brz-column__items brz-css-8n1d2d brz-css-wekzq9\">\n<div id=\"\" class=\"brz-css-c0kin0 brz-css-51orjj brz-wrapper\">\n<div class=\"brz-image brz-css-1tmxpj1 brz-css-12uwhx7\" data-brz-custom-id=\"scriYFjDyFRm\"><a class=\"brz-a\" href=\"https:\/\/artdesuisse.art\/en\/aussteller-zug2025-fruhlingsausgabe\/\" target=\"_blank\" rel=\"noopener\" data-brz-link-type=\"external\"><img decoding=\"async\" class=\"brz-img\" src=\"https:\/\/artdesuisse.art\/wp-content\/uploads\/2025\/01\/Banner1_AdS_ZUG_F2025.jpg\" alt=\"\" title=\"Banner1_AdS_ZUG_F2025\" loading=\"lazy\"><\/a><\/div>\n<\/div>\n<div id=\"\" class=\"brz-css-c0kin0 brz-css-1qgt4ea brz-wrapper\">\n<div class=\"brz-wp-title brz-css-1dn1a7h brz-css-15cp4go brz-css-1psxas\" data-brz-custom-id=\"pHfLNNXDgvbo\"><a class=\"brz-a\" href=\"https:\/\/artdesuisse.art\/en\/aussteller-zug2025-fruhlingsausgabe\/\" target=\"_blank\" rel=\"noopener\" data-brz-link-type=\"external\"><\/p>\n<h4 class=\"brz-wp-title-content\" style=\"min-height:20px\">Exhibitors ARTdeSUISSE ZUG | Spring Edition 2025<\/h4>\n<p><\/a><\/div>\n<\/div>\n<div class=\"brz-wrapper-clone brz-flex-xs-wrap brz-css-y7qdho brz-css-18i3brj\" data-brz-custom-id=\"ne6poC9eC_Cv\"><a class=\"brz-a brz-btn brz-css-fc7j6n brz-css-1j8fd03 brz-css-t3t9n0 brz-css-12nn953 brz-css-uanq7p\" href=\"https:\/\/artdesuisse.art\/en\/aussteller-zug2025-fruhlingsausgabe\/\" target=\"_blank\" rel=\"noopener\" data-brz-link-type=\"external\" data-brz-custom-id=\"cQAO5n1RHCnB\"><span data-brz-translate-text=\"1\" class=\"brz-span brz-text__editor\">more<\/span><\/a><\/div>\n<\/div>\n<\/div>\n<\/div>\n<div class=\"brz-posts__item\">\n<div class=\"brz-columns brz-css-dls934 brz-css-1xp6qj6 brz-css-4e02op\" data-brz-custom-id=\"lIrtrL8kwvff\">\n<div class=\"brz-column__items brz-css-8n1d2d brz-css-wekzq9\">\n<div id=\"\" class=\"brz-css-c0kin0 brz-css-51orjj brz-wrapper\">\n<div class=\"brz-image brz-css-1tmxpj1 brz-css-12uwhx7\" data-brz-custom-id=\"scriYFjDyFRm\"><a class=\"brz-a\" href=\"https:\/\/artdesuisse.art\/en\/aussteller-basel2025-fruhlingsausgabe\/\" target=\"_blank\" rel=\"noopener\" data-brz-link-type=\"external\"><img decoding=\"async\" class=\"brz-img\" src=\"https:\/\/artdesuisse.art\/wp-content\/uploads\/2025\/01\/ADS_Basel_F2025.jpg\" alt=\"\" title=\"ADS_Basel_F2025\" loading=\"lazy\"><\/a><\/div>\n<\/div>\n<div id=\"\" class=\"brz-css-c0kin0 brz-css-1qgt4ea brz-wrapper\">\n<div class=\"brz-wp-title brz-css-1dn1a7h brz-css-15cp4go brz-css-1psxas\" data-brz-custom-id=\"pHfLNNXDgvbo\"><a class=\"brz-a\" href=\"https:\/\/artdesuisse.art\/en\/aussteller-basel2025-fruhlingsausgabe\/\" target=\"_blank\" rel=\"noopener\" data-brz-link-type=\"external\"><\/p>\n<h4 class=\"brz-wp-title-content\" style=\"min-height:20px\">Exhibitors ARTdeSUISSE Basel | Spring Edition 2025<\/h4>\n<p><\/a><\/div>\n<\/div>\n<div class=\"brz-wrapper-clone brz-flex-xs-wrap brz-css-y7qdho brz-css-18i3brj\" data-brz-custom-id=\"ne6poC9eC_Cv\"><a class=\"brz-a brz-btn brz-css-fc7j6n brz-css-1j8fd03 brz-css-t3t9n0 brz-css-12nn953 brz-css-uanq7p\" href=\"https:\/\/artdesuisse.art\/en\/aussteller-basel2025-fruhlingsausgabe\/\" target=\"_blank\" rel=\"noopener\" data-brz-link-type=\"external\" data-brz-custom-id=\"cQAO5n1RHCnB\"><span data-brz-translate-text=\"1\" class=\"brz-span brz-text__editor\">more<\/span><\/a><\/div>\n<\/div>\n<\/div>\n<\/div>\n<div class=\"brz-posts__item\">\n<div class=\"brz-columns brz-css-dls934 brz-css-1xp6qj6 brz-css-4e02op\" data-brz-custom-id=\"lIrtrL8kwvff\">\n<div class=\"brz-column__items brz-css-8n1d2d brz-css-wekzq9\">\n<div id=\"\" class=\"brz-css-c0kin0 brz-css-51orjj brz-wrapper\">\n<div class=\"brz-image brz-css-1tmxpj1 brz-css-12uwhx7\" data-brz-custom-id=\"scriYFjDyFRm\"><a class=\"brz-a\" href=\"https:\/\/artdesuisse.art\/en\/aussteller-luzern2024-herbstausgabe\/\" target=\"_blank\" rel=\"noopener\" data-brz-link-type=\"external\"><img decoding=\"async\" class=\"brz-img\" src=\"https:\/\/artdesuisse.art\/wp-content\/uploads\/2024\/07\/Banner3_AdS_ZUG_F2024.jpg\" alt=\"\" title=\"Banner3_AdS_ZUG_F2024\" loading=\"lazy\"><\/a><\/div>\n<\/div>\n<div id=\"\" class=\"brz-css-c0kin0 brz-css-1qgt4ea brz-wrapper\">\n<div class=\"brz-wp-title brz-css-1dn1a7h brz-css-15cp4go brz-css-1psxas\" data-brz-custom-id=\"pHfLNNXDgvbo\"><a class=\"brz-a\" href=\"https:\/\/artdesuisse.art\/en\/aussteller-luzern2024-herbstausgabe\/\" target=\"_blank\" rel=\"noopener\" data-brz-link-type=\"external\"><\/p>\n<h4 class=\"brz-wp-title-content\" style=\"min-height:20px\">Exhibitor ARTdeSUISSE LUZERN | Autumn Edition 2024<\/h4>\n<p><\/a><\/div>\n<\/div>\n<div class=\"brz-wrapper-clone brz-flex-xs-wrap brz-css-y7qdho brz-css-18i3brj\" data-brz-custom-id=\"ne6poC9eC_Cv\"><a class=\"brz-a brz-btn brz-css-fc7j6n brz-css-1j8fd03 brz-css-t3t9n0 brz-css-12nn953 brz-css-uanq7p\" href=\"https:\/\/artdesuisse.art\/en\/aussteller-luzern2024-herbstausgabe\/\" target=\"_blank\" rel=\"noopener\" data-brz-link-type=\"external\" data-brz-custom-id=\"cQAO5n1RHCnB\"><span data-brz-translate-text=\"1\" class=\"brz-span brz-text__editor\">more<\/span><\/a><\/div>\n<\/div>\n<\/div>\n<\/div>\n<div class=\"brz-posts__item\">\n<div class=\"brz-columns brz-css-dls934 brz-css-1xp6qj6 brz-css-4e02op\" data-brz-custom-id=\"lIrtrL8kwvff\">\n<div class=\"brz-column__items brz-css-8n1d2d brz-css-wekzq9\">\n<div id=\"\" class=\"brz-css-c0kin0 brz-css-51orjj brz-wrapper\">\n<div class=\"brz-image brz-css-1tmxpj1 brz-css-12uwhx7\" data-brz-custom-id=\"scriYFjDyFRm\"><a class=\"brz-a\" href=\"https:\/\/artdesuisse.art\/en\/artdesuisse-luzern-fruehlingsausgabe-2024-aussteller\/\" target=\"_blank\" rel=\"noopener\" data-brz-link-type=\"external\"><img decoding=\"async\" class=\"brz-img\" src=\"https:\/\/artdesuisse.art\/wp-content\/uploads\/2024\/03\/Banner3_AdS_ZUG_F2024.jpg\" alt=\"\" title=\"Banner3_AdS_ZUG_F2024\" loading=\"lazy\"><\/a><\/div>\n<\/div>\n<div id=\"\" class=\"brz-css-c0kin0 brz-css-1qgt4ea brz-wrapper\">\n<div class=\"brz-wp-title brz-css-1dn1a7h brz-css-15cp4go brz-css-1psxas\" data-brz-custom-id=\"pHfLNNXDgvbo\"><a class=\"brz-a\" href=\"https:\/\/artdesuisse.art\/en\/artdesuisse-luzern-fruehlingsausgabe-2024-aussteller\/\" target=\"_blank\" rel=\"noopener\" data-brz-link-type=\"external\"><\/p>\n<h4 class=\"brz-wp-title-content\" style=\"min-height:20px\">Aussteller ARTdeSUISSE LUZERN Fr\u00fchlingsausgabe 2024<\/h4>\n<p><\/a><\/div>\n<\/div>\n<div class=\"brz-wrapper-clone brz-flex-xs-wrap brz-css-y7qdho brz-css-18i3brj\" data-brz-custom-id=\"ne6poC9eC_Cv\"><a class=\"brz-a brz-btn brz-css-fc7j6n brz-css-1j8fd03 brz-css-t3t9n0 brz-css-12nn953 brz-css-uanq7p\" href=\"https:\/\/artdesuisse.art\/en\/artdesuisse-luzern-fruehlingsausgabe-2024-aussteller\/\" target=\"_blank\" rel=\"noopener\" data-brz-link-type=\"external\" data-brz-custom-id=\"cQAO5n1RHCnB\"><span data-brz-translate-text=\"1\" class=\"brz-span brz-text__editor\">more<\/span><\/a><\/div>\n<\/div>\n<\/div>\n<\/div>\n<div class=\"brz-posts__item\">\n<div class=\"brz-columns brz-css-dls934 brz-css-1xp6qj6 brz-css-4e02op\" data-brz-custom-id=\"lIrtrL8kwvff\">\n<div class=\"brz-column__items brz-css-8n1d2d brz-css-wekzq9\">\n<div id=\"\" class=\"brz-css-c0kin0 brz-css-51orjj brz-wrapper\">\n<div class=\"brz-image brz-css-1tmxpj1 brz-css-12uwhx7\" data-brz-custom-id=\"scriYFjDyFRm\"><a class=\"brz-a\" href=\"https:\/\/artdesuisse.art\/en\/aussteller-artdesuisse-zuerich-2024\/\" target=\"_blank\" rel=\"noopener\" data-brz-link-type=\"external\"><img decoding=\"async\" class=\"brz-img\" src=\"https:\/\/artdesuisse.art\/wp-content\/uploads\/2023\/12\/05_LOGO-AdS-Zuerich-4.jpg\" alt=\"21. - 24. M\u00e4rz 2024\" title=\"05_LOGO AdS Z\u00fcrich\" loading=\"lazy\"><\/a><\/div>\n<\/div>\n<div id=\"\" class=\"brz-css-c0kin0 brz-css-1qgt4ea brz-wrapper\">\n<div class=\"brz-wp-title brz-css-1dn1a7h brz-css-15cp4go brz-css-1psxas\" data-brz-custom-id=\"pHfLNNXDgvbo\"><a class=\"brz-a\" href=\"https:\/\/artdesuisse.art\/en\/aussteller-artdesuisse-zuerich-2024\/\" target=\"_blank\" rel=\"noopener\" data-brz-link-type=\"external\"><\/p>\n<h4 class=\"brz-wp-title-content\" style=\"min-height:20px\">Aussteller ARTdeSUISSE Z\u00fcrich I Fr\u00fchlingsausgabe 2024<\/h4>\n<p><\/a><\/div>\n<\/div>\n<div class=\"brz-wrapper-clone brz-flex-xs-wrap brz-css-y7qdho brz-css-18i3brj\" data-brz-custom-id=\"ne6poC9eC_Cv\"><a class=\"brz-a brz-btn brz-css-fc7j6n brz-css-1j8fd03 brz-css-t3t9n0 brz-css-12nn953 brz-css-uanq7p\" href=\"https:\/\/artdesuisse.art\/en\/aussteller-artdesuisse-zuerich-2024\/\" target=\"_blank\" rel=\"noopener\" data-brz-link-type=\"external\" data-brz-custom-id=\"cQAO5n1RHCnB\"><span data-brz-translate-text=\"1\" class=\"brz-span brz-text__editor\">more<\/span><\/a><\/div>\n<\/div>\n<\/div>\n<\/div>\n<div class=\"brz-posts__item\">\n<div class=\"brz-columns brz-css-dls934 brz-css-1xp6qj6 brz-css-4e02op\" data-brz-custom-id=\"lIrtrL8kwvff\">\n<div class=\"brz-column__items brz-css-8n1d2d brz-css-wekzq9\">\n<div id=\"\" class=\"brz-css-c0kin0 brz-css-51orjj brz-wrapper\">\n<div class=\"brz-image brz-css-1tmxpj1 brz-css-12uwhx7\" data-brz-custom-id=\"scriYFjDyFRm\"><a class=\"brz-a\" href=\"https:\/\/artdesuisse.art\/en\/aussteller-zug-2024-herbstausgabe\/\" target=\"_blank\" rel=\"noopener\" data-brz-link-type=\"external\"><img decoding=\"async\" class=\"brz-img\" src=\"https:\/\/artdesuisse.art\/wp-content\/uploads\/2023\/12\/05_Banner3_AdS_ZUG_H2024.jpg\" alt=\"\" title=\"05_Banner3_AdS_ZUG_H2024\" loading=\"lazy\"><\/a><\/div>\n<\/div>\n<div id=\"\" class=\"brz-css-c0kin0 brz-css-1qgt4ea brz-wrapper\">\n<div class=\"brz-wp-title brz-css-1dn1a7h brz-css-15cp4go brz-css-1psxas\" data-brz-custom-id=\"pHfLNNXDgvbo\"><a class=\"brz-a\" href=\"https:\/\/artdesuisse.art\/en\/aussteller-zug-2024-herbstausgabe\/\" target=\"_blank\" rel=\"noopener\" data-brz-link-type=\"external\"><\/p>\n<h4 class=\"brz-wp-title-content\" style=\"min-height:20px\">Exhibitor ARTdeSUISSE ZUG | Autumn Edition 2024<\/h4>\n<p><\/a><\/div>\n<\/div>\n<div class=\"brz-wrapper-clone brz-flex-xs-wrap brz-css-y7qdho brz-css-18i3brj\" data-brz-custom-id=\"ne6poC9eC_Cv\"><a class=\"brz-a brz-btn brz-css-fc7j6n brz-css-1j8fd03 brz-css-t3t9n0 brz-css-12nn953 brz-css-uanq7p\" href=\"https:\/\/artdesuisse.art\/en\/aussteller-zug-2024-herbstausgabe\/\" target=\"_blank\" rel=\"noopener\" data-brz-link-type=\"external\" data-brz-custom-id=\"cQAO5n1RHCnB\"><span data-brz-translate-text=\"1\" class=\"brz-span brz-text__editor\">more<\/span><\/a><\/div>\n<\/div>\n<\/div>\n<\/div>\n<div class=\"brz-posts__item\">\n<div class=\"brz-columns brz-css-dls934 brz-css-1xp6qj6 brz-css-4e02op\" data-brz-custom-id=\"lIrtrL8kwvff\">\n<div class=\"brz-column__items brz-css-8n1d2d brz-css-wekzq9\">\n<div id=\"\" class=\"brz-css-c0kin0 brz-css-51orjj brz-wrapper\">\n<div class=\"brz-image brz-css-1tmxpj1 brz-css-12uwhx7\" data-brz-custom-id=\"scriYFjDyFRm\"><a class=\"brz-a\" href=\"https:\/\/artdesuisse.art\/en\/aussteller-zug2024-fruehlingsausgabe\/\" target=\"_blank\" rel=\"noopener\" data-brz-link-type=\"external\"><img decoding=\"async\" class=\"brz-img\" src=\"https:\/\/artdesuisse.art\/wp-content\/uploads\/2023\/12\/Banner3_AdS_ZUG_F2024-4.jpg\" alt=\"\" title=\"Banner3_AdS_ZUG_F2024\" loading=\"lazy\"><\/a><\/div>\n<\/div>\n<div id=\"\" class=\"brz-css-c0kin0 brz-css-1qgt4ea brz-wrapper\">\n<div class=\"brz-wp-title brz-css-1dn1a7h brz-css-15cp4go brz-css-1psxas\" data-brz-custom-id=\"pHfLNNXDgvbo\"><a class=\"brz-a\" href=\"https:\/\/artdesuisse.art\/en\/aussteller-zug2024-fruehlingsausgabe\/\" target=\"_blank\" rel=\"noopener\" data-brz-link-type=\"external\"><\/p>\n<h4 class=\"brz-wp-title-content\" style=\"min-height:20px\">Aussteller ARTdeSUISSE ZUG | Fr\u00fchlingsausgabe 2024<\/h4>\n<p><\/a><\/div>\n<\/div>\n<div class=\"brz-wrapper-clone brz-flex-xs-wrap brz-css-y7qdho brz-css-18i3brj\" data-brz-custom-id=\"ne6poC9eC_Cv\"><a class=\"brz-a brz-btn brz-css-fc7j6n brz-css-1j8fd03 brz-css-t3t9n0 brz-css-12nn953 brz-css-uanq7p\" href=\"https:\/\/artdesuisse.art\/en\/aussteller-zug2024-fruehlingsausgabe\/\" target=\"_blank\" rel=\"noopener\" data-brz-link-type=\"external\" data-brz-custom-id=\"cQAO5n1RHCnB\"><span data-brz-translate-text=\"1\" class=\"brz-span brz-text__editor\">more<\/span><\/a><\/div>\n<\/div>\n<\/div>\n<\/div>\n<div class=\"brz-posts__item\">\n<div class=\"brz-columns brz-css-dls934 brz-css-1xp6qj6 brz-css-4e02op\" data-brz-custom-id=\"lIrtrL8kwvff\">\n<div class=\"brz-column__items brz-css-8n1d2d brz-css-wekzq9\">\n<div id=\"\" class=\"brz-css-c0kin0 brz-css-51orjj brz-wrapper\">\n<div class=\"brz-image brz-css-1tmxpj1 brz-css-12uwhx7\" data-brz-custom-id=\"scriYFjDyFRm\"><a class=\"brz-a\" href=\"https:\/\/artdesuisse.art\/en\/aussteller-zug-2023-artdesuisse-zug\/\" target=\"_blank\" rel=\"noopener\" data-brz-link-type=\"external\"><img decoding=\"async\" class=\"brz-img\" src=\"https:\/\/artdesuisse.art\/wp-content\/uploads\/2023\/12\/Banner3_AdS_ZUG_F2023.jpg\" alt=\"\" title=\"Banner3_AdS_ZUG_F2023\" loading=\"lazy\"><\/a><\/div>\n<\/div>\n<div id=\"\" class=\"brz-css-c0kin0 brz-css-1qgt4ea brz-wrapper\">\n<div class=\"brz-wp-title brz-css-1dn1a7h brz-css-15cp4go brz-css-1psxas\" data-brz-custom-id=\"pHfLNNXDgvbo\"><a class=\"brz-a\" href=\"https:\/\/artdesuisse.art\/en\/aussteller-zug-2023-artdesuisse-zug\/\" target=\"_blank\" rel=\"noopener\" data-brz-link-type=\"external\"><\/p>\n<h4 class=\"brz-wp-title-content\" style=\"min-height:20px\">Aussteller ARTdeSUISSE ZUG | Herbstausgabe 2023<\/h4>\n<p><\/a><\/div>\n<\/div>\n<div class=\"brz-wrapper-clone brz-flex-xs-wrap brz-css-y7qdho brz-css-18i3brj\" data-brz-custom-id=\"ne6poC9eC_Cv\"><a class=\"brz-a brz-btn brz-css-fc7j6n brz-css-1j8fd03 brz-css-t3t9n0 brz-css-12nn953 brz-css-uanq7p\" href=\"https:\/\/artdesuisse.art\/en\/aussteller-zug-2023-artdesuisse-zug\/\" target=\"_blank\" rel=\"noopener\" data-brz-link-type=\"external\" data-brz-custom-id=\"cQAO5n1RHCnB\"><span data-brz-translate-text=\"1\" class=\"brz-span brz-text__editor\">more<\/span><\/a><\/div>\n<\/div>\n<\/div>\n<\/div>\n<\/div>\n<\/div>\n<\/div>\n<\/div>\n<\/div>\n<\/section>\n<\/div>\n<p>    <!-- version:1753298732 --><\/p>","protected":false},"excerpt":{"rendered":"<p>AusstellerInnen ARTdeSUISSE Cosmopolitan AusstellerInnen ARTdeSUISSE Luzern | Herbstausgabe 2025 Weiter AusstellerInnen ARTdeSUISSE Basel | Herbstausgabe 2025 Weiter AusstellerInnen ARTdeSUISSE Luzern | Fr\u00fchlingsausgabe 2025 Weiter AusstellerInnen ARTdeSUISSE Z\u00dcRICH | Herbstausgabe 2025 Weiter AusstellerInnen ARTdeSUISSE Z\u00dcRICH | Fr\u00fchlingsausgabe 2025 Weiter AusstellerInnen ARTdeSUISSE ZUG | Fr\u00fchlingsausgabe 2025 Weiter AusstellerInnen ARTdeSUISSE Basel | Fr\u00fchlingsausgabe 2025 Weiter Aussteller ARTdeSUISSE LUZERN [&hellip;]<\/p>\n","protected":false},"author":1,"featured_media":0,"parent":0,"menu_order":0,"comment_status":"closed","ping_status":"closed","template":"brizy-blank-template.php","meta":{"footnotes":""},"class_list":["post-134","page","type-page","status-publish","hentry"],"brizy_media":[{"id":2034,"url":"https:\/\/artdesuisse.art\/wp-content\/uploads\/2023\/12\/Banner3_AdS_ZUG_F2023-1.jpg","name":"Banner3_AdS_ZUG_F2023-1.jpg","meta":{"brizy_attachment_uid":"wp-52603e7218ed52587f7995f83e3e914f.jpg","brizy_post_uid":["0da8aaf604b930f2ca6fcc4c47bacf28"]}}],"_links":{"self":[{"href":"https:\/\/artdesuisse.art\/en\/wp-json\/wp\/v2\/pages\/134","targetHints":{"allow":["GET"]}}],"collection":[{"href":"https:\/\/artdesuisse.art\/en\/wp-json\/wp\/v2\/pages"}],"about":[{"href":"https:\/\/artdesuisse.art\/en\/wp-json\/wp\/v2\/types\/page"}],"author":[{"embeddable":true,"href":"https:\/\/artdesuisse.art\/en\/wp-json\/wp\/v2\/users\/1"}],"replies":[{"embeddable":true,"href":"https:\/\/artdesuisse.art\/en\/wp-json\/wp\/v2\/comments?post=134"}],"version-history":[{"count":16,"href":"https:\/\/artdesuisse.art\/en\/wp-json\/wp\/v2\/pages\/134\/revisions"}],"predecessor-version":[{"id":10799,"href":"https:\/\/artdesuisse.art\/en\/wp-json\/wp\/v2\/pages\/134\/revisions\/10799"}],"wp:attachment":[{"href":"https:\/\/artdesuisse.art\/en\/wp-json\/wp\/v2\/media?parent=134"}],"curies":[{"name":"wp","href":"https:\/\/api.w.org\/{rel}","templated":true}]}}