{"id":1391,"date":"2023-12-14T21:38:45","date_gmt":"2023-12-14T20:38:45","guid":{"rendered":"https:\/\/artdesuisse.art\/?page_id=1391"},"modified":"2026-04-10T14:14:35","modified_gmt":"2026-04-10T13:14:35","slug":"bewerbung-zuerich-2024","status":"publish","type":"page","link":"https:\/\/artdesuisse.art\/en\/bewerbung-zuerich-2024\/","title":{"rendered":"Application Zurich"},"content":{"rendered":"<div class=\"brz brz-root__container brz-reset-all brz-root__container-page\" >\n<section id=\"xuVdV9I1PsmL_xuVdV9I1PsmL\" class=\"brz-section brz-css-d-section brz-css-1h8d7bm\">\n<div class=\"brz-section__content brz-section--boxed brz-css-d-sectionitem-bg brz-css-1uyw150\" data-brz-custom-id=\"tEhxqarbbzzM\">\n<div class=\"brz-container brz-css-d-sectionitem-container brz-css-ou6rna\">\n<div id=\"\" class=\"brz-css-d-wrapper brz-css-pkz0xk brz-wrapper\">\n<div class=\"brz-rich-text brz-rich-text__custom brz-css-d-richtext brz-css-1dbjzst\" data-brz-custom-id=\"x0NTYGDIr7lK\">\n<div data-brz-translate-text=\"1\">\n<h1 class=\"brz-ff-red_hat_text brz-ft-google brz-fs-lg-46 brz-fss-lg-px brz-fw-lg-500 brz-ls-lg-m_1_5 brz-lh-lg-1_3 brz-tp-lg-heading1 brz-css-xuHCV\" data-uniq-id=\"poAEe\" data-generated-css=\"brz-css-zdRmQ\"><span class=\"brz-cp-color2\" style=\"opacity: 1;\">Bewerbung Z\u00fcrich<\/span><\/h1>\n<\/div>\n<\/div>\n<\/div>\n<div id=\"\" class=\"brz-css-d-wrapper brz-css-q1187f brz-wrapper\">\n<div class=\"brz-rich-text brz-rich-text__custom brz-css-d-richtext brz-css-1vjfrtj\" data-brz-custom-id=\"yNp5l14Gn38m\">\n<div data-brz-translate-text=\"1\">\n<h2 class=\"brz-ff-red_hat_text brz-ft-google brz-fs-lg-46 brz-fss-lg-px brz-fw-lg-500 brz-ls-lg-m_1_5 brz-lh-lg-1_3 brz-tp-lg-subtitle brz-css-x2rDe\" data-uniq-id=\"mqZpk\" data-generated-css=\"brz-css-dYSSW\"><span class=\"brz-capitalize-on\">Call for artists<\/span><\/h2>\n<\/div>\n<\/div>\n<\/div>\n<\/div>\n<\/div>\n<\/section>\n<section id=\"fqBVH2cOpGOQ_fqBVH2cOpGOQ\" class=\"brz-section brz-css-d-section brz-css-c8gvzg\">\n<div class=\"brz-section__content brz-section--boxed brz-css-d-sectionitem-bg brz-css-1ohy8a6\" data-brz-custom-id=\"k8hQdZDBN7Jd\">\n<div class=\"brz-container brz-css-d-sectionitem-container brz-css-1m93lqt\">\n<div id=\"\" class=\"brz-css-d-wrapper brz-css-1dhvhqy brz-wrapper\">\n<div class=\"brz-rich-text brz-rich-text__custom brz-css-d-richtext brz-css-176sbfe\" data-brz-custom-id=\"epq7Vem2cIJu\">\n<div data-brz-translate-text=\"1\">\n<p class=\"brz-tp-lg-empty brz-ff-red_hat_text brz-ft-google brz-fs-lg-16 brz-fss-lg-px brz-fw-lg-400 brz-ls-lg-0 brz-lh-lg-1_9 brz-vfw-lg-400 brz-fwdth-lg-100 brz-fsft-lg-0 brz-css-wDWxc\" data-generated-css=\"brz-css-bmvIv\" data-uniq-id=\"qLXjn\"><span class=\"brz-cp-color2\" style=\"opacity: 1; background-color: rgba(255, 255, 255, 0.08);\">Bewerbung f\u00fcr<\/span><strong class=\"brz-cp-color2 brz-bold-true\" style=\"opacity: 1; background-color: rgba(255, 255, 255, 0.08);\"> Galerie <\/strong><strong class=\"brz-cp-color2 brz-bold-true brz-italic-true\" style=\"opacity: 1; background-color: rgba(255, 255, 255, 0.08);\"><em>Trittli-Gasse <\/em><\/strong><em class=\"brz-cp-color2 brz-italic-true\" style=\"opacity: 1; background-color: rgba(255, 255, 255, 0.08);\">in Z\u00fcrich.<\/em><strong class=\"brz-cp-color2 brz-bold-true\" style=\"opacity: 1; background-color: rgba(255, 255, 255, 0.08);\"> <\/strong><strong class=\"brz-bold-true brz-cp-color3\" style=\"opacity: 1; background-color: rgba(255, 255, 255, 0.08); color: rgb(63, 136, 250);\">HERBSTAUSGABE 2026<\/strong><\/p>\n<\/div>\n<\/div>\n<\/div>\n<div class=\"brz-row__container brz-css-d-row-row brz-css-4qg0ix\" data-brz-custom-id=\"acSvTFFCYDnt\">\n<div class=\"brz-row brz-css-d-row-container brz-css-r-row-container brz-css-ezwrei\">\n<div class=\"brz-columns brz-css-d-column-column brz-css-kpjgia\" data-brz-custom-id=\"eb0Dy_LwhIiB\">\n<div class=\"brz-column__items brz-css-d-column-bg brz-css-otpflz\">\n<div class=\"brz-row__container brz-css-d-row-row brz-css-1nl1ezu\" data-brz-custom-id=\"ag0DPVekpcYF\">\n<div class=\"brz-row brz-row--inner brz-css-d-row-container brz-css-r-row-container brz-css-1n3snoz\">\n<div class=\"brz-columns brz-css-d-column-column brz-css-1rd00it\" data-brz-custom-id=\"bs6VJmQYfR3f\">\n<div class=\"brz-column__items brz-css-d-column-bg brz-css-iqqpo4\">\n<div id=\"\" class=\"brz-css-d-wrapper brz-css-mq03cc brz-wrapper\">\n<div class=\"brz-image brz-css-d-image-fohbz2lxor7x-parent brz-css-17mbuxz\" data-brz-custom-id=\"fOHBz2lxoR7x\"><a class=\"brz-a\" target=\"_blank\" rel=\"noopener noreferrer\" href=\"https:\/\/artdesuisse.art\/callforartist-zurich-h2026_artandbusiness\/\" data-brz-link-type=\"external\"><picture class=\"brz-picture brz-d-block brz-p-relative brz-css-d-image-fohbz2lxor7x-picture brz-css-1arz0i5\"><source srcset=\"https:\/\/artdesuisse.art\/wp-content\/uploads\/2026\/02\/Banner_AdS_ZH_H26-scaled.jpg 1x, https:\/\/artdesuisse.art\/wp-content\/uploads\/2026\/02\/Banner_AdS_ZH_H26-scaled.jpg 2x\" media=\"(min-width: 992px)\"><source srcset=\"https:\/\/artdesuisse.art\/wp-content\/uploads\/2026\/02\/Banner_AdS_ZH_H26-scaled.jpg 1x, https:\/\/artdesuisse.art\/wp-content\/uploads\/2026\/02\/Banner_AdS_ZH_H26-scaled.jpg 2x\" media=\"(min-width: 768px)\"><img decoding=\"async\" class=\"brz-img\" srcset=\"https:\/\/artdesuisse.art\/wp-content\/uploads\/2026\/02\/Banner_AdS_ZH_H26-scaled.jpg 1x, https:\/\/artdesuisse.art\/wp-content\/uploads\/2026\/02\/Banner_AdS_ZH_H26-scaled.jpg 2x\" src=\"https:\/\/artdesuisse.art\/wp-content\/uploads\/2026\/02\/Banner_AdS_ZH_H26-scaled.jpg\" loading=\"lazy\" alt=\"\" title=\"Banner_AdS_ZH_H26\" draggable=\"false\"><\/picture><\/a><\/div>\n<\/div>\n<div id=\"\" class=\"brz-css-d-wrapper brz-css-11r3xaw brz-wrapper\">\n<div class=\"brz-rich-text brz-rich-text__custom brz-css-d-richtext brz-css-x9unzr\" data-brz-custom-id=\"reppmX_pfMnc\">\n<div data-brz-translate-text=\"1\">\n<p class=\"brz-text-lg-center brz-tp-lg-paragraph brz-css-rV8Gr\" data-uniq-id=\"xKgBg\" data-generated-css=\"brz-css-pqEuL\"><a class=\"link--external brz-cp-color2\" style=\"color: rgb(16, 16, 16);\" href=\"https:\/\/artdesuisse.art\/callforartist-zurich-h2026_artandbusiness\/\" data-brz-link-type=\"external\" target=\"_blank\" rel=\"noreferrer noopener\"><strong>ARTdeSUISSE Z\u00fcrich <\/strong><\/a><a class=\"link--external\" style=\"color: rgb(244, 10, 10);\" href=\"https:\/\/artdesuisse.art\/callforartist-zurich-h2026_artandbusiness\/\" data-brz-link-type=\"external\" target=\"_blank\" rel=\"noreferrer noopener\"><strong>Galerie Trittli-Gasse<\/strong><\/a><a class=\"link--external brz-cp-color2\" style=\"color: rgb(16, 16, 16);\" href=\"https:\/\/artdesuisse.art\/callforartist-zurich-h2026_artandbusiness\/\" data-brz-link-type=\"external\" target=\"_blank\" rel=\"noreferrer noopener\"><strong> <\/strong><\/a><\/p>\n<p class=\"brz-text-lg-center brz-tp-lg-paragraph brz-css-bDkCO\" data-uniq-id=\"grqNI\" data-generated-css=\"brz-css-tyQ3T\"><a class=\"brz-cp-color2 link--external\" style=\"color: rgb(16, 16, 16);\" href=\"https:\/\/artdesuisse.art\/callforartist-zurich-h2026_artandbusiness\/\" data-brz-link-type=\"external\" target=\"_blank\" rel=\"noreferrer noopener\"><strong>Herbstausgabe 2026<\/strong><\/a><\/p>\n<\/div>\n<\/div>\n<\/div>\n<div class=\"brz-wrapper-clone brz-flex-xs-wrap brz-css-d-cloneable brz-css-1xk9e31\" data-brz-custom-id=\"mIGAJGgFNH0p\"><a class=\"brz-a brz-btn brz-css-d-button brz-css-1dwyyyi brz-css-d-button-bg brz-css-16pbhur\" target=\"_blank\" rel=\"noopener noreferrer\" href=\"https:\/\/artdesuisse.art\/callforartist-zurich-h2026_artandbusiness\/\/\" data-brz-link-type=\"external\" data-brz-custom-id=\"tmRoycTb0r5z\"><svg class=\"brz-icon-svg align-[initial] brz-css-d-button-icon brz-css-3h26hd\"><use href=\"\/wp-content\/plugins\/brizy\/public\/editor-build\/prod\/editor\/icons\/glyph\/tail-right.svg#nc_icon\"><\/use><\/svg><span data-brz-translate-text=\"1\" class=\"brz-span brz-text__editor\">Weiter<\/span><\/a><\/div>\n<\/div>\n<\/div>\n<div class=\"brz-columns brz-css-d-column-column brz-css-1rvgv28\" data-brz-custom-id=\"eubLGhi7jWg7\">\n<div class=\"brz-column__items brz-css-d-column-bg brz-css-kmolyr\"><\/div>\n<\/div>\n<div class=\"brz-columns brz-css-d-column-column brz-css-j6zz4x\" data-brz-custom-id=\"a8XblJ7iaa5r\">\n<div class=\"brz-column__items brz-css-d-column-bg brz-css-moyh5y\"><\/div>\n<\/div>\n<\/div>\n<\/div>\n<\/div>\n<\/div>\n<\/div>\n<\/div>\n<\/div>\n<\/div>\n<\/section><\/div>\n<p><!-- version:1775826875 --><\/p>\n","protected":false},"excerpt":{"rendered":"<p>Bewerbung Z\u00fcrich Call for artists Bewerbung f\u00fcr Galerie Trittli-Gasse in Z\u00fcrich. HERBSTAUSGABE 2026 ARTdeSUISSE Z\u00fcrich Galerie Trittli-Gasse Herbstausgabe 2026 Weiter<\/p>","protected":false},"author":1,"featured_media":0,"parent":0,"menu_order":0,"comment_status":"closed","ping_status":"closed","template":"brizy-blank-template.php","meta":{"footnotes":""},"class_list":["post-1391","page","type-page","status-publish","hentry"],"brizy_media":[{"id":6257,"url":"https:\/\/artdesuisse.art\/wp-content\/uploads\/2024\/08\/Banner5_FB_Zuerich_H_2025-1.jpg","name":"Banner5_FB_Zuerich_H_2025-1.jpg","meta":{"brizy_attachment_uid":"wp-0c73cef404ca3c9dd55683b3903027bf.jpg","brizy_post_uid":["78616f9a9f6297e3e3fc65c2814595d4"]}},{"id":6655,"url":"https:\/\/artdesuisse.art\/wp-content\/uploads\/2024\/09\/Quadrat_Banner3_Zuerich_H2025.jpg","name":"Quadrat_Banner3_Zuerich_H2025.jpg","meta":{"brizy_attachment_uid":"wp-a35b86d9778a171b91f2e23a0db36933.jpg","brizy_post_uid":["78616f9a9f6297e3e3fc65c2814595d4"]}},{"id":7285,"url":"https:\/\/artdesuisse.art\/wp-content\/uploads\/2024\/09\/AdS-Zuerich-Kronengalerie-F2025_6-1.jpg","name":"AdS-Zuerich-Kronengalerie-F2025_6-1.jpg","meta":{"brizy_attachment_uid":"wp-cb073dbfb0f53cfcee0eeeb356823322.jpg","brizy_post_uid":["78616f9a9f6297e3e3fc65c2814595d4"]}},{"id":7287,"url":"https:\/\/artdesuisse.art\/wp-content\/uploads\/2024\/09\/Quadrat_Banner3_Zuerich_H2025-1.jpg","name":"Quadrat_Banner3_Zuerich_H2025-1.jpg","meta":{"brizy_attachment_uid":"wp-03e7e2deef251ebeef4599b5d09396eb.jpg","brizy_post_uid":["78616f9a9f6297e3e3fc65c2814595d4"]}},{"id":7288,"url":"https:\/\/artdesuisse.art\/wp-content\/uploads\/2024\/09\/Quadrat_Banner3_Zuerich_F2025.jpg","name":"Quadrat_Banner3_Zuerich_F2025.jpg","meta":{"brizy_attachment_uid":"wp-cf0d52d48115801e8fdf3de6405f4653.jpg","brizy_post_uid":["78616f9a9f6297e3e3fc65c2814595d4"]}},{"id":7390,"url":"https:\/\/artdesuisse.art\/wp-content\/uploads\/2024\/10\/call-for-artist-zurich-H25.jpg","name":"call-for-artist-zurich-H25.jpg","meta":{"brizy_attachment_uid":"wp-fcf48da7cc6429866f321c7cbb6c2182.jpg","brizy_post_uid":["78616f9a9f6297e3e3fc65c2814595d4"]}},{"id":7491,"url":"https:\/\/artdesuisse.art\/wp-content\/uploads\/2024\/10\/callforartist-f25-Kronen-Galerie-1.jpg","name":"callforartist-f25-Kronen-Galerie-1.jpg","meta":{"brizy_attachment_uid":"wp-c8dd786202780629dbb842d1e8e050d7.jpg","brizy_post_uid":["78616f9a9f6297e3e3fc65c2814595d4"]}},{"id":7552,"url":"https:\/\/artdesuisse.art\/wp-content\/uploads\/2024\/10\/Banner3_AdS_ZUG_F2024-2.jpg","name":"Banner3_AdS_ZUG_F2024-2.jpg","meta":{"brizy_attachment_uid":"wp-0c24daf3db0dea958df80cd01e351213.jpg","brizy_post_uid":["78616f9a9f6297e3e3fc65c2814595d4"]}},{"id":8899,"url":"https:\/\/artdesuisse.art\/wp-content\/uploads\/2024\/10\/Banner3_AdS_ZUG_F2024-3.jpg","name":"Banner3_AdS_ZUG_F2024-3.jpg","meta":{"brizy_attachment_uid":"wp-d60ce8c67bbad3ebcdcc1d75a8849232.jpg","brizy_post_uid":["78616f9a9f6297e3e3fc65c2814595d4"]}},{"id":9980,"url":"https:\/\/artdesuisse.art\/wp-content\/uploads\/2025\/04\/Banner3_AdS_Zuerich_H2025.jpg","name":"Banner3_AdS_Zuerich_H2025.jpg","meta":{"brizy_attachment_uid":"wp-efcdd98155057edd5303d66224fb2d5d.jpg","brizy_post_uid":["78616f9a9f6297e3e3fc65c2814595d4"]}},{"id":10116,"url":"https:\/\/artdesuisse.art\/wp-content\/uploads\/2025\/05\/SaveTheDate_AdS_ZH_FH2026-scaled.jpg","name":"SaveTheDate_AdS_ZH_FH2026.jpg","meta":{"brizy_attachment_uid":"wp-85adcfa4e188c52d055380eb8ae805be.jpg","brizy_post_uid":["9751e8276bbf6883cd37c909e9c91083","78616f9a9f6297e3e3fc65c2814595d4"]}},{"id":10258,"url":"https:\/\/artdesuisse.art\/wp-content\/uploads\/2025\/06\/CallForArtist_AdS_ZH_FH2026-scaled.jpg","name":"CallForArtist_AdS_ZH_FH2026.jpg","meta":{"brizy_attachment_uid":"wp-61799e5b29517eb572f0a37d04b469a6.jpg","brizy_post_uid":["78616f9a9f6297e3e3fc65c2814595d4"]}},{"id":11501,"url":"https:\/\/artdesuisse.art\/wp-content\/uploads\/2025\/10\/Callforartists5_AdS_Zuerich_H2026-scaled.jpg","name":"Callforartists5_AdS_Zuerich_H2026.jpg","meta":{"brizy_attachment_uid":"wp-6dbb4e9e1b18917bc409a812abe182c7.jpg","brizy_post_uid":["78616f9a9f6297e3e3fc65c2814595d4"]}},{"id":11505,"url":"https:\/\/artdesuisse.art\/wp-content\/uploads\/2025\/10\/Banner_AdS_LU_FH2026-1-scaled.jpg","name":"Banner_AdS_LU_FH2026-1.jpg","meta":{"brizy_attachment_uid":"wp-f7512eb59460d7f082605df8aa3c2553.jpg","brizy_post_uid":["78616f9a9f6297e3e3fc65c2814595d4"]}},{"id":12638,"url":"https:\/\/artdesuisse.art\/wp-content\/uploads\/2026\/02\/Banner_AdS_ZH_H26-scaled.jpg","name":"Banner_AdS_ZH_H26.jpg","meta":{"brizy_attachment_uid":"wp-242e8cb0fb6e23efad839063143f1f30.jpg","brizy_post_uid":["78616f9a9f6297e3e3fc65c2814595d4"]}}],"_links":{"self":[{"href":"https:\/\/artdesuisse.art\/en\/wp-json\/wp\/v2\/pages\/1391","targetHints":{"allow":["GET"]}}],"collection":[{"href":"https:\/\/artdesuisse.art\/en\/wp-json\/wp\/v2\/pages"}],"about":[{"href":"https:\/\/artdesuisse.art\/en\/wp-json\/wp\/v2\/types\/page"}],"author":[{"embeddable":true,"href":"https:\/\/artdesuisse.art\/en\/wp-json\/wp\/v2\/users\/1"}],"replies":[{"embeddable":true,"href":"https:\/\/artdesuisse.art\/en\/wp-json\/wp\/v2\/comments?post=1391"}],"version-history":[{"count":30,"href":"https:\/\/artdesuisse.art\/en\/wp-json\/wp\/v2\/pages\/1391\/revisions"}],"predecessor-version":[{"id":12948,"href":"https:\/\/artdesuisse.art\/en\/wp-json\/wp\/v2\/pages\/1391\/revisions\/12948"}],"wp:attachment":[{"href":"https:\/\/artdesuisse.art\/en\/wp-json\/wp\/v2\/media?parent=1391"}],"curies":[{"name":"wp","href":"https:\/\/api.w.org\/{rel}","templated":true}]}}